{"id":9,"date":"2022-10-05T14:52:07","date_gmt":"2022-10-05T14:52:07","guid":{"rendered":"https:\/\/suministroshoreb.com.mx\/?page_id=9"},"modified":"2022-10-13T20:46:25","modified_gmt":"2022-10-13T20:46:25","slug":"acerca-de","status":"publish","type":"page","link":"https:\/\/suministroshoreb.com.mx\/index.php\/acerca-de\/","title":{"rendered":"Acerca de"},"content":{"rendered":"\n<h2 class=\"has-text-align-center has-large-font-size wp-block-heading\" style=\"font-style:normal;font-weight:400\">QUIENES SOMOS<\/h2>\n\n\n\n<p class=\"has-text-align-justify\">Somos una empresa dedicada a proveer insumos para la construcci\u00f3n y equipamiento para uso deportivo y recreativo, as\u00ed como tambi\u00e9n la instalaci\u00f3n de cercados perimetrales, Trotapistas de tart\u00e1n, Recubrimiento antiderrapante de acr\u00edlico para canchas, Pasto sint\u00e9tico, Juegos infantiles, Ejercitadores, Losetas de Caucho, Tableros y Duelas para canchas de Basquetbol, etc.<\/p>\n\n\n\n<h2 class=\"has-text-align-center wp-block-heading\" style=\"font-style:normal;font-weight:400\">NUESTRA MISI\u00d3N<\/h2>\n\n\n\n<p class=\"has-text-align-justify\">Somos una empresa chiapaneca, l\u00edder en la comercializaci\u00f3n de equipamiento urbano para uso deportivo y recreativo as\u00ed como suministros para la infraestructura en agua potable y alcantarillado. Nuestro prop\u00f3sito es proveer soluciones a sus necesidades de ampliaci\u00f3n y construcci\u00f3n de nuevos proyectos.<\/p>\n\n\n\n<h2 class=\"has-text-align-center wp-block-heading\" style=\"font-style:normal;font-weight:400\">NUESTRA VISI\u00d3N<\/h2>\n\n\n\n<p class=\"has-text-align-justify\">Consolidarnos como una empresa l\u00edder en la comercializaci\u00f3n de productos para el deporte y la construcci\u00f3n, siendo reconocidos en el estado como una de las empresas que brinda calidad y honestidad en sus productos, servicios y soluciones.<\/p>\n\n\n\n<h2 class=\"has-text-align-center wp-block-heading\" style=\"font-style:normal;font-weight:400\">NUESTROS VALORES<\/h2>\n\n\n\n<ul><li>Compromiso<\/li><li>Honestidad<\/li><li>Amabilidad<\/li><li>Confianza<\/li><li>Atenci\u00f3n<\/li><li>Servicio<\/li><\/ul>\n\n\n\n<br><br>\n\n\n\n<div class=\"wp-block-columns is-layout-flex wp-container-4 wp-block-columns-is-layout-flex\">\n<div class=\"wp-block-column is-layout-flow wp-block-column-is-layout-flow\"><div class=\"wp-block-image\">\n<figure class=\"alignleft size-full is-resized\"><img decoding=\"async\" loading=\"lazy\" src=\"https:\/\/suministroshoreb.com.mx\/wp-content\/uploads\/2022\/10\/Foto-17-scaled.jpg\" alt=\"\" class=\"wp-image-298\" width=\"268\" height=\"358\" srcset=\"https:\/\/suministroshoreb.com.mx\/wp-content\/uploads\/2022\/10\/Foto-17-scaled.jpg 1920w, https:\/\/suministroshoreb.com.mx\/wp-content\/uploads\/2022\/10\/Foto-17-225x300.jpg 225w, https:\/\/suministroshoreb.com.mx\/wp-content\/uploads\/2022\/10\/Foto-17-768x1024.jpg 768w, https:\/\/suministroshoreb.com.mx\/wp-content\/uploads\/2022\/10\/Foto-17-1152x1536.jpg 1152w, https:\/\/suministroshoreb.com.mx\/wp-content\/uploads\/2022\/10\/Foto-17-1536x2048.jpg 1536w, https:\/\/suministroshoreb.com.mx\/wp-content\/uploads\/2022\/10\/Foto-17-2000x2667.jpg 2000w, https:\/\/suministroshoreb.com.mx\/wp-content\/uploads\/2022\/10\/Foto-17-1320x1760.jpg 1320w, https:\/\/suministroshoreb.com.mx\/wp-content\/uploads\/2022\/10\/Foto-17-600x800.jpg 600w\" sizes=\"(max-width: 268px) 100vw, 268px\" \/><\/figure><\/div><\/div>\n\n\n\n<div class=\"wp-block-column is-layout-flow wp-block-column-is-layout-flow\"><div class=\"wp-block-image\">\n<figure class=\"aligncenter size-full is-resized\"><img decoding=\"async\" loading=\"lazy\" src=\"https:\/\/suministroshoreb.com.mx\/wp-content\/uploads\/2022\/10\/Foto-18-scaled.jpg\" alt=\"\" class=\"wp-image-299\" width=\"210\" height=\"372\" srcset=\"https:\/\/suministroshoreb.com.mx\/wp-content\/uploads\/2022\/10\/Foto-18-scaled.jpg 1440w, https:\/\/suministroshoreb.com.mx\/wp-content\/uploads\/2022\/10\/Foto-18-169x300.jpg 169w, https:\/\/suministroshoreb.com.mx\/wp-content\/uploads\/2022\/10\/Foto-18-576x1024.jpg 576w, https:\/\/suministroshoreb.com.mx\/wp-content\/uploads\/2022\/10\/Foto-18-768x1365.jpg 768w, https:\/\/suministroshoreb.com.mx\/wp-content\/uploads\/2022\/10\/Foto-18-864x1536.jpg 864w, https:\/\/suministroshoreb.com.mx\/wp-content\/uploads\/2022\/10\/Foto-18-1152x2048.jpg 1152w, https:\/\/suministroshoreb.com.mx\/wp-content\/uploads\/2022\/10\/Foto-18-2000x3556.jpg 2000w, https:\/\/suministroshoreb.com.mx\/wp-content\/uploads\/2022\/10\/Foto-18-1320x2347.jpg 1320w, https:\/\/suministroshoreb.com.mx\/wp-content\/uploads\/2022\/10\/Foto-18-600x1067.jpg 600w\" sizes=\"(max-width: 210px) 100vw, 210px\" \/><\/figure><\/div><\/div>\n\n\n\n<div class=\"wp-block-column is-layout-flow wp-block-column-is-layout-flow\"><div class=\"wp-block-image\">\n<figure class=\"aligncenter size-full is-resized\"><img decoding=\"async\" loading=\"lazy\" src=\"https:\/\/suministroshoreb.com.mx\/wp-content\/uploads\/2022\/10\/Foto-19-scaled.jpg\" alt=\"\" class=\"wp-image-300\" width=\"225\" height=\"376\" srcset=\"https:\/\/suministroshoreb.com.mx\/wp-content\/uploads\/2022\/10\/Foto-19-scaled.jpg 1536w, https:\/\/suministroshoreb.com.mx\/wp-content\/uploads\/2022\/10\/Foto-19-180x300.jpg 180w, https:\/\/suministroshoreb.com.mx\/wp-content\/uploads\/2022\/10\/Foto-19-614x1024.jpg 614w, https:\/\/suministroshoreb.com.mx\/wp-content\/uploads\/2022\/10\/Foto-19-768x1280.jpg 768w, https:\/\/suministroshoreb.com.mx\/wp-content\/uploads\/2022\/10\/Foto-19-922x1536.jpg 922w, https:\/\/suministroshoreb.com.mx\/wp-content\/uploads\/2022\/10\/Foto-19-1229x2048.jpg 1229w, https:\/\/suministroshoreb.com.mx\/wp-content\/uploads\/2022\/10\/Foto-19-2000x3333.jpg 2000w, https:\/\/suministroshoreb.com.mx\/wp-content\/uploads\/2022\/10\/Foto-19-1320x2200.jpg 1320w, https:\/\/suministroshoreb.com.mx\/wp-content\/uploads\/2022\/10\/Foto-19-600x1000.jpg 600w\" sizes=\"(max-width: 225px) 100vw, 225px\" \/><\/figure><\/div><\/div>\n<\/div>\n\n\n\n<div style=\"height:100px\" aria-hidden=\"true\" class=\"wp-block-spacer\"><\/div>\n","protected":false},"excerpt":{"rendered":"<p>QUIENES SOMOS Somos una empresa dedicada a proveer insumos para la construcci\u00f3n y equipamiento para uso deportivo y recreativo, as\u00ed como tambi\u00e9n la instalaci\u00f3n de cercados perimetrales, Trotapistas de tart\u00e1n, Recubrimiento antiderrapante de acr\u00edlico para canchas, Pasto sint\u00e9tico, Juegos infantiles, Ejercitadores, Losetas de Caucho, Tableros y Duelas para canchas de Basquetbol, etc. NUESTRA MISI\u00d3N Somos &hellip; <\/p>\n<p class=\"link-more\"><a href=\"https:\/\/suministroshoreb.com.mx\/index.php\/acerca-de\/\" class=\"more-link\">Leer m\u00e1s<span class=\"screen-reader-text\"> \u00abAcerca de\u00bb<\/span><\/a><\/p>\n","protected":false},"author":1,"featured_media":459,"parent":0,"menu_order":0,"comment_status":"closed","ping_status":"closed","template":"","meta":{"om_disable_all_campaigns":false,"_monsterinsights_skip_tracking":false,"_monsterinsights_sitenote_active":false,"_monsterinsights_sitenote_note":"","_monsterinsights_sitenote_category":0,"footnotes":""},"aioseo_notices":[],"featured_media_urls":{"thumbnail":["https:\/\/suministroshoreb.com.mx\/wp-content\/uploads\/2022\/10\/WhatsApp-Image-2022-10-13-at-14.06.07-150x150.jpeg",150,150,true],"medium":["https:\/\/suministroshoreb.com.mx\/wp-content\/uploads\/2022\/10\/WhatsApp-Image-2022-10-13-at-14.06.07-300x225.jpeg",300,225,true],"medium_large":["https:\/\/suministroshoreb.com.mx\/wp-content\/uploads\/2022\/10\/WhatsApp-Image-2022-10-13-at-14.06.07-768x576.jpeg",768,576,true],"large":["https:\/\/suministroshoreb.com.mx\/wp-content\/uploads\/2022\/10\/WhatsApp-Image-2022-10-13-at-14.06.07.jpeg",950,713,false],"1536x1536":["https:\/\/suministroshoreb.com.mx\/wp-content\/uploads\/2022\/10\/WhatsApp-Image-2022-10-13-at-14.06.07.jpeg",960,720,false],"2048x2048":["https:\/\/suministroshoreb.com.mx\/wp-content\/uploads\/2022\/10\/WhatsApp-Image-2022-10-13-at-14.06.07.jpeg",960,720,false],"inspiro-featured-image":["https:\/\/suministroshoreb.com.mx\/wp-content\/uploads\/2022\/10\/WhatsApp-Image-2022-10-13-at-14.06.07.jpeg",960,720,false],"inspiro-loop":["https:\/\/suministroshoreb.com.mx\/wp-content\/uploads\/2022\/10\/WhatsApp-Image-2022-10-13-at-14.06.07-950x320.jpeg",950,320,true],"inspiro-loop@2x":["https:\/\/suministroshoreb.com.mx\/wp-content\/uploads\/2022\/10\/WhatsApp-Image-2022-10-13-at-14.06.07-960x640.jpeg",960,640,true],"mailpoet_newsletter_max":["https:\/\/suministroshoreb.com.mx\/wp-content\/uploads\/2022\/10\/WhatsApp-Image-2022-10-13-at-14.06.07.jpeg",960,720,false],"woocommerce_thumbnail":["https:\/\/suministroshoreb.com.mx\/wp-content\/uploads\/2022\/10\/WhatsApp-Image-2022-10-13-at-14.06.07-300x300.jpeg",300,300,true],"woocommerce_single":["https:\/\/suministroshoreb.com.mx\/wp-content\/uploads\/2022\/10\/WhatsApp-Image-2022-10-13-at-14.06.07-600x450.jpeg",600,450,true],"woocommerce_gallery_thumbnail":["https:\/\/suministroshoreb.com.mx\/wp-content\/uploads\/2022\/10\/WhatsApp-Image-2022-10-13-at-14.06.07-100x100.jpeg",100,100,true],"portfolio_item-thumbnail":["https:\/\/suministroshoreb.com.mx\/wp-content\/uploads\/2022\/10\/WhatsApp-Image-2022-10-13-at-14.06.07-600x400.jpeg",600,400,true],"portfolio_item-masonry":["https:\/\/suministroshoreb.com.mx\/wp-content\/uploads\/2022\/10\/WhatsApp-Image-2022-10-13-at-14.06.07-600x450.jpeg",600,450,true],"portfolio_item-thumbnail_cinema":["https:\/\/suministroshoreb.com.mx\/wp-content\/uploads\/2022\/10\/WhatsApp-Image-2022-10-13-at-14.06.07-800x335.jpeg",800,335,true],"portfolio_item-thumbnail_portrait":["https:\/\/suministroshoreb.com.mx\/wp-content\/uploads\/2022\/10\/WhatsApp-Image-2022-10-13-at-14.06.07-600x720.jpeg",600,720,true],"portfolio_item-thumbnail_square":["https:\/\/suministroshoreb.com.mx\/wp-content\/uploads\/2022\/10\/WhatsApp-Image-2022-10-13-at-14.06.07-800x720.jpeg",800,720,true]},"_links":{"self":[{"href":"https:\/\/suministroshoreb.com.mx\/index.php\/wp-json\/wp\/v2\/pages\/9"}],"collection":[{"href":"https:\/\/suministroshoreb.com.mx\/index.php\/wp-json\/wp\/v2\/pages"}],"about":[{"href":"https:\/\/suministroshoreb.com.mx\/index.php\/wp-json\/wp\/v2\/types\/page"}],"author":[{"embeddable":true,"href":"https:\/\/suministroshoreb.com.mx\/index.php\/wp-json\/wp\/v2\/users\/1"}],"replies":[{"embeddable":true,"href":"https:\/\/suministroshoreb.com.mx\/index.php\/wp-json\/wp\/v2\/comments?post=9"}],"version-history":[{"count":9,"href":"https:\/\/suministroshoreb.com.mx\/index.php\/wp-json\/wp\/v2\/pages\/9\/revisions"}],"predecessor-version":[{"id":461,"href":"https:\/\/suministroshoreb.com.mx\/index.php\/wp-json\/wp\/v2\/pages\/9\/revisions\/461"}],"wp:featuredmedia":[{"embeddable":true,"href":"https:\/\/suministroshoreb.com.mx\/index.php\/wp-json\/wp\/v2\/media\/459"}],"wp:attachment":[{"href":"https:\/\/suministroshoreb.com.mx\/index.php\/wp-json\/wp\/v2\/media?parent=9"}],"curies":[{"name":"wp","href":"https:\/\/api.w.org\/{rel}","templated":true}]}}