{"id":180,"date":"2022-10-11T15:37:09","date_gmt":"2022-10-11T15:37:09","guid":{"rendered":"https:\/\/suministroshoreb.com.mx\/?post_type=product&#038;p=180"},"modified":"2022-10-11T15:37:09","modified_gmt":"2022-10-11T15:37:09","slug":"tuberia-de-polietileno-de-alta-densidad","status":"publish","type":"product","link":"https:\/\/suministroshoreb.com.mx\/index.php\/producto\/tuberia-de-polietileno-de-alta-densidad\/","title":{"rendered":"TUBER\u00cdA DE POLIETILENO DE ALTA DENSIDAD"},"content":{"rendered":"<p>Tiene aplicaciones en la conducci\u00f3n de agua potable, en sistemas de riego; de conducci\u00f3n de desechos industriales, de drenajes y aguas residuales; en miner\u00eda y dragados; tambi\u00e9n en conducci\u00f3n de gas natural y de gas licuado de petr\u00f3leo y en procesos qu\u00edmicos en general.<\/p>\n","protected":false},"excerpt":{"rendered":"<p>Tiene aplicaciones en la conducci\u00f3n de agua potable, en sistemas de riego; de conducci\u00f3n de desechos industriales, de drenajes y aguas residuales; en miner\u00eda y dragados; tambi\u00e9n en conducci\u00f3n de gas natural y de gas licuado de petr\u00f3leo y en procesos qu\u00edmicos en general.<\/p>\n","protected":false},"featured_media":181,"comment_status":"open","ping_status":"closed","template":"","meta":{"om_disable_all_campaigns":false,"_monsterinsights_skip_tracking":false,"_monsterinsights_sitenote_active":false,"_monsterinsights_sitenote_note":"","_monsterinsights_sitenote_category":0},"product_cat":[18],"product_tag":[],"aioseo_notices":[],"featured_media_urls":{"thumbnail":["https:\/\/suministroshoreb.com.mx\/wp-content\/uploads\/2022\/10\/tubo-de-polietileno-150x150.jpg",150,150,true],"medium":["https:\/\/suministroshoreb.com.mx\/wp-content\/uploads\/2022\/10\/tubo-de-polietileno.jpg",204,247,false],"medium_large":["https:\/\/suministroshoreb.com.mx\/wp-content\/uploads\/2022\/10\/tubo-de-polietileno.jpg",204,247,false],"large":["https:\/\/suministroshoreb.com.mx\/wp-content\/uploads\/2022\/10\/tubo-de-polietileno.jpg",204,247,false],"1536x1536":["https:\/\/suministroshoreb.com.mx\/wp-content\/uploads\/2022\/10\/tubo-de-polietileno.jpg",204,247,false],"2048x2048":["https:\/\/suministroshoreb.com.mx\/wp-content\/uploads\/2022\/10\/tubo-de-polietileno.jpg",204,247,false],"inspiro-featured-image":["https:\/\/suministroshoreb.com.mx\/wp-content\/uploads\/2022\/10\/tubo-de-polietileno.jpg",204,247,false],"inspiro-loop":["https:\/\/suministroshoreb.com.mx\/wp-content\/uploads\/2022\/10\/tubo-de-polietileno.jpg",204,247,false],"inspiro-loop@2x":["https:\/\/suministroshoreb.com.mx\/wp-content\/uploads\/2022\/10\/tubo-de-polietileno.jpg",204,247,false],"mailpoet_newsletter_max":["https:\/\/suministroshoreb.com.mx\/wp-content\/uploads\/2022\/10\/tubo-de-polietileno.jpg",204,247,false],"woocommerce_thumbnail":["https:\/\/suministroshoreb.com.mx\/wp-content\/uploads\/2022\/10\/tubo-de-polietileno.jpg",204,247,false],"woocommerce_single":["https:\/\/suministroshoreb.com.mx\/wp-content\/uploads\/2022\/10\/tubo-de-polietileno.jpg",204,247,false],"woocommerce_gallery_thumbnail":["https:\/\/suministroshoreb.com.mx\/wp-content\/uploads\/2022\/10\/tubo-de-polietileno-100x100.jpg",100,100,true],"portfolio_item-thumbnail":["https:\/\/suministroshoreb.com.mx\/wp-content\/uploads\/2022\/10\/tubo-de-polietileno.jpg",204,247,false],"portfolio_item-masonry":["https:\/\/suministroshoreb.com.mx\/wp-content\/uploads\/2022\/10\/tubo-de-polietileno.jpg",204,247,false],"portfolio_item-thumbnail_cinema":["https:\/\/suministroshoreb.com.mx\/wp-content\/uploads\/2022\/10\/tubo-de-polietileno.jpg",204,247,false],"portfolio_item-thumbnail_portrait":["https:\/\/suministroshoreb.com.mx\/wp-content\/uploads\/2022\/10\/tubo-de-polietileno.jpg",204,247,false],"portfolio_item-thumbnail_square":["https:\/\/suministroshoreb.com.mx\/wp-content\/uploads\/2022\/10\/tubo-de-polietileno.jpg",204,247,false]},"_links":{"self":[{"href":"https:\/\/suministroshoreb.com.mx\/index.php\/wp-json\/wp\/v2\/product\/180"}],"collection":[{"href":"https:\/\/suministroshoreb.com.mx\/index.php\/wp-json\/wp\/v2\/product"}],"about":[{"href":"https:\/\/suministroshoreb.com.mx\/index.php\/wp-json\/wp\/v2\/types\/product"}],"replies":[{"embeddable":true,"href":"https:\/\/suministroshoreb.com.mx\/index.php\/wp-json\/wp\/v2\/comments?post=180"}],"wp:featuredmedia":[{"embeddable":true,"href":"https:\/\/suministroshoreb.com.mx\/index.php\/wp-json\/wp\/v2\/media\/181"}],"wp:attachment":[{"href":"https:\/\/suministroshoreb.com.mx\/index.php\/wp-json\/wp\/v2\/media?parent=180"}],"wp:term":[{"taxonomy":"product_cat","embeddable":true,"href":"https:\/\/suministroshoreb.com.mx\/index.php\/wp-json\/wp\/v2\/product_cat?post=180"},{"taxonomy":"product_tag","embeddable":true,"href":"https:\/\/suministroshoreb.com.mx\/index.php\/wp-json\/wp\/v2\/product_tag?post=180"}],"curies":[{"name":"wp","href":"https:\/\/api.w.org\/{rel}","templated":true}]}}