{"id":190,"date":"2022-10-11T16:04:23","date_gmt":"2022-10-11T16:04:23","guid":{"rendered":"https:\/\/suministroshoreb.com.mx\/?post_type=product&#038;p=190"},"modified":"2022-10-20T19:22:09","modified_gmt":"2022-10-20T19:22:09","slug":"tuberia-de-fierro-galvanizado","status":"publish","type":"product","link":"https:\/\/suministroshoreb.com.mx\/index.php\/producto\/tuberia-de-fierro-galvanizado\/","title":{"rendered":"TUBER\u00cdA DE FIERRO GALVANIZADO"},"content":{"rendered":"<p>El acero galvanizado lo emplean en puentes, carreteras y conducci\u00f3n de agua potable de media pulgada hasta 4 pulgadas, (armaduras para cubiertas y columnas, vigas, largueros, luz y se\u00f1alizaci\u00f3n, barandas, cercas), lo mismo que las plantas de tratamiento de agua y aguas residuales (pasarelas, barandillas).<\/p>\n","protected":false},"excerpt":{"rendered":"<p>El acero galvanizado lo emplean en puentes, carreteras y conducci\u00f3n de agua potable de media pulgada hasta 4 pulgadas, (armaduras para cubiertas y columnas, vigas, largueros, luz y se\u00f1alizaci\u00f3n, barandas, cercas), lo mismo que las plantas de tratamiento de agua y aguas residuales (pasarelas, barandillas).<\/p>\n","protected":false},"featured_media":191,"comment_status":"open","ping_status":"closed","template":"","meta":{"om_disable_all_campaigns":false,"_monsterinsights_skip_tracking":false,"_monsterinsights_sitenote_active":false,"_monsterinsights_sitenote_note":"","_monsterinsights_sitenote_category":0},"product_cat":[18],"product_tag":[],"aioseo_notices":[],"featured_media_urls":{"thumbnail":["https:\/\/suministroshoreb.com.mx\/wp-content\/uploads\/2022\/10\/tubo-de-fierro-galvanizado-150x150.jpg",150,150,true],"medium":["https:\/\/suministroshoreb.com.mx\/wp-content\/uploads\/2022\/10\/tubo-de-fierro-galvanizado-300x214.jpg",300,214,true],"medium_large":["https:\/\/suministroshoreb.com.mx\/wp-content\/uploads\/2022\/10\/tubo-de-fierro-galvanizado-768x547.jpg",768,547,true],"large":["https:\/\/suministroshoreb.com.mx\/wp-content\/uploads\/2022\/10\/tubo-de-fierro-galvanizado.jpg",950,677,false],"1536x1536":["https:\/\/suministroshoreb.com.mx\/wp-content\/uploads\/2022\/10\/tubo-de-fierro-galvanizado.jpg",960,684,false],"2048x2048":["https:\/\/suministroshoreb.com.mx\/wp-content\/uploads\/2022\/10\/tubo-de-fierro-galvanizado.jpg",960,684,false],"inspiro-featured-image":["https:\/\/suministroshoreb.com.mx\/wp-content\/uploads\/2022\/10\/tubo-de-fierro-galvanizado.jpg",960,684,false],"inspiro-loop":["https:\/\/suministroshoreb.com.mx\/wp-content\/uploads\/2022\/10\/tubo-de-fierro-galvanizado-950x320.jpg",950,320,true],"inspiro-loop@2x":["https:\/\/suministroshoreb.com.mx\/wp-content\/uploads\/2022\/10\/tubo-de-fierro-galvanizado-960x640.jpg",960,640,true],"mailpoet_newsletter_max":["https:\/\/suministroshoreb.com.mx\/wp-content\/uploads\/2022\/10\/tubo-de-fierro-galvanizado.jpg",960,684,false],"woocommerce_thumbnail":["https:\/\/suministroshoreb.com.mx\/wp-content\/uploads\/2022\/10\/tubo-de-fierro-galvanizado-300x300.jpg",300,300,true],"woocommerce_single":["https:\/\/suministroshoreb.com.mx\/wp-content\/uploads\/2022\/10\/tubo-de-fierro-galvanizado-600x428.jpg",600,428,true],"woocommerce_gallery_thumbnail":["https:\/\/suministroshoreb.com.mx\/wp-content\/uploads\/2022\/10\/tubo-de-fierro-galvanizado-100x100.jpg",100,100,true],"portfolio_item-thumbnail":["https:\/\/suministroshoreb.com.mx\/wp-content\/uploads\/2022\/10\/tubo-de-fierro-galvanizado-600x400.jpg",600,400,true],"portfolio_item-masonry":["https:\/\/suministroshoreb.com.mx\/wp-content\/uploads\/2022\/10\/tubo-de-fierro-galvanizado-600x428.jpg",600,428,true],"portfolio_item-thumbnail_cinema":["https:\/\/suministroshoreb.com.mx\/wp-content\/uploads\/2022\/10\/tubo-de-fierro-galvanizado-800x335.jpg",800,335,true],"portfolio_item-thumbnail_portrait":["https:\/\/suministroshoreb.com.mx\/wp-content\/uploads\/2022\/10\/tubo-de-fierro-galvanizado-600x684.jpg",600,684,true],"portfolio_item-thumbnail_square":["https:\/\/suministroshoreb.com.mx\/wp-content\/uploads\/2022\/10\/tubo-de-fierro-galvanizado-800x684.jpg",800,684,true]},"_links":{"self":[{"href":"https:\/\/suministroshoreb.com.mx\/index.php\/wp-json\/wp\/v2\/product\/190"}],"collection":[{"href":"https:\/\/suministroshoreb.com.mx\/index.php\/wp-json\/wp\/v2\/product"}],"about":[{"href":"https:\/\/suministroshoreb.com.mx\/index.php\/wp-json\/wp\/v2\/types\/product"}],"replies":[{"embeddable":true,"href":"https:\/\/suministroshoreb.com.mx\/index.php\/wp-json\/wp\/v2\/comments?post=190"}],"wp:featuredmedia":[{"embeddable":true,"href":"https:\/\/suministroshoreb.com.mx\/index.php\/wp-json\/wp\/v2\/media\/191"}],"wp:attachment":[{"href":"https:\/\/suministroshoreb.com.mx\/index.php\/wp-json\/wp\/v2\/media?parent=190"}],"wp:term":[{"taxonomy":"product_cat","embeddable":true,"href":"https:\/\/suministroshoreb.com.mx\/index.php\/wp-json\/wp\/v2\/product_cat?post=190"},{"taxonomy":"product_tag","embeddable":true,"href":"https:\/\/suministroshoreb.com.mx\/index.php\/wp-json\/wp\/v2\/product_tag?post=190"}],"curies":[{"name":"wp","href":"https:\/\/api.w.org\/{rel}","templated":true}]}}