{"id":199,"date":"2022-10-11T16:32:30","date_gmt":"2022-10-11T16:32:30","guid":{"rendered":"https:\/\/suministroshoreb.com.mx\/?post_type=product&#038;p=199"},"modified":"2026-02-02T06:26:38","modified_gmt":"2026-02-02T06:26:38","slug":"tubo-cedazo-tipo-canastilla-p-pozo-profundo","status":"publish","type":"product","link":"https:\/\/suministroshoreb.com.mx\/index.php\/producto\/tubo-cedazo-tipo-canastilla-p-pozo-profundo\/","title":{"rendered":"TUBO CEDAZO TIPO CANASTILLA P\/POZO PROFUNDO"},"content":{"rendered":"<p>Ofrece un \u00e1rea de apertura cuatro veces mayor al est\u00e1ndar y se utiliza en aquellos casos donde las condiciones de acu\u00edferos requieren una velocidad m\u00ednima de ingreso y evita la entrada de arena a la bomba.<\/p>\n","protected":false},"excerpt":{"rendered":"<p>Ofrece un \u00e1rea de apertura cuatro veces mayor al est\u00e1ndar y se utiliza en aquellos casos donde las condiciones de acu\u00edferos requieren una velocidad m\u00ednima de ingreso y evita la entrada de arena a la bomba.<\/p>\n","protected":false},"featured_media":201,"comment_status":"open","ping_status":"closed","template":"","meta":{"om_disable_all_campaigns":false,"_monsterinsights_skip_tracking":false,"_monsterinsights_sitenote_active":false,"_monsterinsights_sitenote_note":"","_monsterinsights_sitenote_category":0},"product_cat":[18],"product_tag":[],"aioseo_notices":[],"featured_media_urls":{"thumbnail":["https:\/\/suministroshoreb.com.mx\/wp-content\/uploads\/2022\/10\/tubo-cedazo-2-150x150.jpg",150,150,true],"medium":["https:\/\/suministroshoreb.com.mx\/wp-content\/uploads\/2022\/10\/tubo-cedazo-2.jpg",259,194,false],"medium_large":["https:\/\/suministroshoreb.com.mx\/wp-content\/uploads\/2022\/10\/tubo-cedazo-2.jpg",259,194,false],"large":["https:\/\/suministroshoreb.com.mx\/wp-content\/uploads\/2022\/10\/tubo-cedazo-2.jpg",259,194,false],"1536x1536":["https:\/\/suministroshoreb.com.mx\/wp-content\/uploads\/2022\/10\/tubo-cedazo-2.jpg",259,194,false],"2048x2048":["https:\/\/suministroshoreb.com.mx\/wp-content\/uploads\/2022\/10\/tubo-cedazo-2.jpg",259,194,false],"inspiro-featured-image":["https:\/\/suministroshoreb.com.mx\/wp-content\/uploads\/2022\/10\/tubo-cedazo-2.jpg",259,194,false],"inspiro-loop":["https:\/\/suministroshoreb.com.mx\/wp-content\/uploads\/2022\/10\/tubo-cedazo-2.jpg",259,194,false],"inspiro-loop@2x":["https:\/\/suministroshoreb.com.mx\/wp-content\/uploads\/2022\/10\/tubo-cedazo-2.jpg",259,194,false],"mailpoet_newsletter_max":["https:\/\/suministroshoreb.com.mx\/wp-content\/uploads\/2022\/10\/tubo-cedazo-2.jpg",259,194,false],"woocommerce_thumbnail":["https:\/\/suministroshoreb.com.mx\/wp-content\/uploads\/2022\/10\/tubo-cedazo-2.jpg",259,194,false],"woocommerce_single":["https:\/\/suministroshoreb.com.mx\/wp-content\/uploads\/2022\/10\/tubo-cedazo-2.jpg",259,194,false],"woocommerce_gallery_thumbnail":["https:\/\/suministroshoreb.com.mx\/wp-content\/uploads\/2022\/10\/tubo-cedazo-2-100x100.jpg",100,100,true],"portfolio_item-thumbnail":["https:\/\/suministroshoreb.com.mx\/wp-content\/uploads\/2022\/10\/tubo-cedazo-2.jpg",259,194,false],"portfolio_item-masonry":["https:\/\/suministroshoreb.com.mx\/wp-content\/uploads\/2022\/10\/tubo-cedazo-2.jpg",259,194,false],"portfolio_item-thumbnail_cinema":["https:\/\/suministroshoreb.com.mx\/wp-content\/uploads\/2022\/10\/tubo-cedazo-2.jpg",259,194,false],"portfolio_item-thumbnail_portrait":["https:\/\/suministroshoreb.com.mx\/wp-content\/uploads\/2022\/10\/tubo-cedazo-2.jpg",259,194,false],"portfolio_item-thumbnail_square":["https:\/\/suministroshoreb.com.mx\/wp-content\/uploads\/2022\/10\/tubo-cedazo-2.jpg",259,194,false]},"_links":{"self":[{"href":"https:\/\/suministroshoreb.com.mx\/index.php\/wp-json\/wp\/v2\/product\/199"}],"collection":[{"href":"https:\/\/suministroshoreb.com.mx\/index.php\/wp-json\/wp\/v2\/product"}],"about":[{"href":"https:\/\/suministroshoreb.com.mx\/index.php\/wp-json\/wp\/v2\/types\/product"}],"replies":[{"embeddable":true,"href":"https:\/\/suministroshoreb.com.mx\/index.php\/wp-json\/wp\/v2\/comments?post=199"}],"wp:featuredmedia":[{"embeddable":true,"href":"https:\/\/suministroshoreb.com.mx\/index.php\/wp-json\/wp\/v2\/media\/201"}],"wp:attachment":[{"href":"https:\/\/suministroshoreb.com.mx\/index.php\/wp-json\/wp\/v2\/media?parent=199"}],"wp:term":[{"taxonomy":"product_cat","embeddable":true,"href":"https:\/\/suministroshoreb.com.mx\/index.php\/wp-json\/wp\/v2\/product_cat?post=199"},{"taxonomy":"product_tag","embeddable":true,"href":"https:\/\/suministroshoreb.com.mx\/index.php\/wp-json\/wp\/v2\/product_tag?post=199"}],"curies":[{"name":"wp","href":"https:\/\/api.w.org\/{rel}","templated":true}]}}