{"id":219,"date":"2022-10-11T17:42:44","date_gmt":"2022-10-11T17:42:44","guid":{"rendered":"https:\/\/suministroshoreb.com.mx\/?post_type=product&#038;p=219"},"modified":"2022-10-11T17:44:22","modified_gmt":"2022-10-11T17:44:22","slug":"gaviones-triple-torsion","status":"publish","type":"product","link":"https:\/\/suministroshoreb.com.mx\/index.php\/producto\/gaviones-triple-torsion\/","title":{"rendered":"GAVIONES TRIPLE TORSI\u00d3N"},"content":{"rendered":"<p>El gavi\u00f3n triple torsi\u00f3n (o gaviones de triple torsi\u00f3n)\u00a0es una soluci\u00f3n de erosi\u00f3n que permite realizar un muro de contenci\u00f3n permanente\u00a0(com\u00fanmente en terrenos inestables).<\/p>\n","protected":false},"excerpt":{"rendered":"<p>El gavi\u00f3n triple torsi\u00f3n (o gaviones de triple torsi\u00f3n)\u00a0es una soluci\u00f3n de erosi\u00f3n que permite realizar un muro de contenci\u00f3n permanente\u00a0(com\u00fanmente en terrenos inestables).<\/p>\n","protected":false},"featured_media":220,"comment_status":"open","ping_status":"closed","template":"","meta":{"om_disable_all_campaigns":false,"_monsterinsights_skip_tracking":false,"_monsterinsights_sitenote_active":false,"_monsterinsights_sitenote_note":"","_monsterinsights_sitenote_category":0},"product_cat":[18],"product_tag":[],"aioseo_notices":[],"featured_media_urls":{"thumbnail":["https:\/\/suministroshoreb.com.mx\/wp-content\/uploads\/2022\/10\/gaviones-3-torsion-3-150x150.jpg",150,150,true],"medium":["https:\/\/suministroshoreb.com.mx\/wp-content\/uploads\/2022\/10\/gaviones-3-torsion-3-300x150.jpg",300,150,true],"medium_large":["https:\/\/suministroshoreb.com.mx\/wp-content\/uploads\/2022\/10\/gaviones-3-torsion-3-768x384.jpg",768,384,true],"large":["https:\/\/suministroshoreb.com.mx\/wp-content\/uploads\/2022\/10\/gaviones-3-torsion-3.jpg",950,475,false],"1536x1536":["https:\/\/suministroshoreb.com.mx\/wp-content\/uploads\/2022\/10\/gaviones-3-torsion-3.jpg",1025,512,false],"2048x2048":["https:\/\/suministroshoreb.com.mx\/wp-content\/uploads\/2022\/10\/gaviones-3-torsion-3.jpg",1025,512,false],"inspiro-featured-image":["https:\/\/suministroshoreb.com.mx\/wp-content\/uploads\/2022\/10\/gaviones-3-torsion-3.jpg",1025,512,false],"inspiro-loop":["https:\/\/suministroshoreb.com.mx\/wp-content\/uploads\/2022\/10\/gaviones-3-torsion-3-950x320.jpg",950,320,true],"inspiro-loop@2x":["https:\/\/suministroshoreb.com.mx\/wp-content\/uploads\/2022\/10\/gaviones-3-torsion-3.jpg",1025,512,false],"mailpoet_newsletter_max":["https:\/\/suministroshoreb.com.mx\/wp-content\/uploads\/2022\/10\/gaviones-3-torsion-3.jpg",1025,512,false],"woocommerce_thumbnail":["https:\/\/suministroshoreb.com.mx\/wp-content\/uploads\/2022\/10\/gaviones-3-torsion-3-300x300.jpg",300,300,true],"woocommerce_single":["https:\/\/suministroshoreb.com.mx\/wp-content\/uploads\/2022\/10\/gaviones-3-torsion-3-600x300.jpg",600,300,true],"woocommerce_gallery_thumbnail":["https:\/\/suministroshoreb.com.mx\/wp-content\/uploads\/2022\/10\/gaviones-3-torsion-3-100x100.jpg",100,100,true],"portfolio_item-thumbnail":["https:\/\/suministroshoreb.com.mx\/wp-content\/uploads\/2022\/10\/gaviones-3-torsion-3-600x400.jpg",600,400,true],"portfolio_item-masonry":["https:\/\/suministroshoreb.com.mx\/wp-content\/uploads\/2022\/10\/gaviones-3-torsion-3-600x300.jpg",600,300,true],"portfolio_item-thumbnail_cinema":["https:\/\/suministroshoreb.com.mx\/wp-content\/uploads\/2022\/10\/gaviones-3-torsion-3-800x335.jpg",800,335,true],"portfolio_item-thumbnail_portrait":["https:\/\/suministroshoreb.com.mx\/wp-content\/uploads\/2022\/10\/gaviones-3-torsion-3-600x512.jpg",600,512,true],"portfolio_item-thumbnail_square":["https:\/\/suministroshoreb.com.mx\/wp-content\/uploads\/2022\/10\/gaviones-3-torsion-3-800x512.jpg",800,512,true]},"_links":{"self":[{"href":"https:\/\/suministroshoreb.com.mx\/index.php\/wp-json\/wp\/v2\/product\/219"}],"collection":[{"href":"https:\/\/suministroshoreb.com.mx\/index.php\/wp-json\/wp\/v2\/product"}],"about":[{"href":"https:\/\/suministroshoreb.com.mx\/index.php\/wp-json\/wp\/v2\/types\/product"}],"replies":[{"embeddable":true,"href":"https:\/\/suministroshoreb.com.mx\/index.php\/wp-json\/wp\/v2\/comments?post=219"}],"wp:featuredmedia":[{"embeddable":true,"href":"https:\/\/suministroshoreb.com.mx\/index.php\/wp-json\/wp\/v2\/media\/220"}],"wp:attachment":[{"href":"https:\/\/suministroshoreb.com.mx\/index.php\/wp-json\/wp\/v2\/media?parent=219"}],"wp:term":[{"taxonomy":"product_cat","embeddable":true,"href":"https:\/\/suministroshoreb.com.mx\/index.php\/wp-json\/wp\/v2\/product_cat?post=219"},{"taxonomy":"product_tag","embeddable":true,"href":"https:\/\/suministroshoreb.com.mx\/index.php\/wp-json\/wp\/v2\/product_tag?post=219"}],"curies":[{"name":"wp","href":"https:\/\/api.w.org\/{rel}","templated":true}]}}