{"id":227,"date":"2022-10-11T18:12:22","date_gmt":"2022-10-11T18:12:22","guid":{"rendered":"https:\/\/suministroshoreb.com.mx\/?post_type=product&#038;p=227"},"modified":"2022-10-18T15:17:52","modified_gmt":"2022-10-18T15:17:52","slug":"equipo-de-cloracion-e-hipoclorito-de-calcio","status":"publish","type":"product","link":"https:\/\/suministroshoreb.com.mx\/index.php\/producto\/equipo-de-cloracion-e-hipoclorito-de-calcio\/","title":{"rendered":"EQUIPO DE CLORACI\u00d3N E HIPOCLORITO DE CALCIO"},"content":{"rendered":"<p>La desinfecci\u00f3n es parte importante en la potabilizaci\u00f3n del agua y en el tratamiento de agua residual, en la potabilizaci\u00f3n es necesaria la cloraci\u00f3n ya que es obligatorio un residual en el agua.<\/p>\n","protected":false},"excerpt":{"rendered":"<p>La desinfecci\u00f3n es parte importante en la potabilizaci\u00f3n del agua y en el tratamiento de agua residual, en la potabilizaci\u00f3n es necesaria la cloraci\u00f3n ya que es obligatorio un residual en el agua.<\/p>\n","protected":false},"featured_media":644,"comment_status":"open","ping_status":"closed","template":"","meta":{"om_disable_all_campaigns":false,"_monsterinsights_skip_tracking":false,"_monsterinsights_sitenote_active":false,"_monsterinsights_sitenote_note":"","_monsterinsights_sitenote_category":0},"product_cat":[18],"product_tag":[],"aioseo_notices":[],"featured_media_urls":{"thumbnail":["https:\/\/suministroshoreb.com.mx\/wp-content\/uploads\/2022\/10\/WhatsApp-Image-2022-10-18-at-09.25.55-150x150.jpeg",150,150,true],"medium":["https:\/\/suministroshoreb.com.mx\/wp-content\/uploads\/2022\/10\/WhatsApp-Image-2022-10-18-at-09.25.55-300x300.jpeg",300,300,true],"medium_large":["https:\/\/suministroshoreb.com.mx\/wp-content\/uploads\/2022\/10\/WhatsApp-Image-2022-10-18-at-09.25.55.jpeg",721,721,false],"large":["https:\/\/suministroshoreb.com.mx\/wp-content\/uploads\/2022\/10\/WhatsApp-Image-2022-10-18-at-09.25.55.jpeg",721,721,false],"1536x1536":["https:\/\/suministroshoreb.com.mx\/wp-content\/uploads\/2022\/10\/WhatsApp-Image-2022-10-18-at-09.25.55.jpeg",721,721,false],"2048x2048":["https:\/\/suministroshoreb.com.mx\/wp-content\/uploads\/2022\/10\/WhatsApp-Image-2022-10-18-at-09.25.55.jpeg",721,721,false],"inspiro-featured-image":["https:\/\/suministroshoreb.com.mx\/wp-content\/uploads\/2022\/10\/WhatsApp-Image-2022-10-18-at-09.25.55.jpeg",721,721,false],"inspiro-loop":["https:\/\/suministroshoreb.com.mx\/wp-content\/uploads\/2022\/10\/WhatsApp-Image-2022-10-18-at-09.25.55-721x320.jpeg",721,320,true],"inspiro-loop@2x":["https:\/\/suministroshoreb.com.mx\/wp-content\/uploads\/2022\/10\/WhatsApp-Image-2022-10-18-at-09.25.55-721x640.jpeg",721,640,true],"mailpoet_newsletter_max":["https:\/\/suministroshoreb.com.mx\/wp-content\/uploads\/2022\/10\/WhatsApp-Image-2022-10-18-at-09.25.55.jpeg",721,721,false],"woocommerce_thumbnail":["https:\/\/suministroshoreb.com.mx\/wp-content\/uploads\/2022\/10\/WhatsApp-Image-2022-10-18-at-09.25.55-300x300.jpeg",300,300,true],"woocommerce_single":["https:\/\/suministroshoreb.com.mx\/wp-content\/uploads\/2022\/10\/WhatsApp-Image-2022-10-18-at-09.25.55-600x600.jpeg",600,600,true],"woocommerce_gallery_thumbnail":["https:\/\/suministroshoreb.com.mx\/wp-content\/uploads\/2022\/10\/WhatsApp-Image-2022-10-18-at-09.25.55-100x100.jpeg",100,100,true],"portfolio_item-thumbnail":["https:\/\/suministroshoreb.com.mx\/wp-content\/uploads\/2022\/10\/WhatsApp-Image-2022-10-18-at-09.25.55-600x400.jpeg",600,400,true],"portfolio_item-masonry":["https:\/\/suministroshoreb.com.mx\/wp-content\/uploads\/2022\/10\/WhatsApp-Image-2022-10-18-at-09.25.55-600x600.jpeg",600,600,true],"portfolio_item-thumbnail_cinema":["https:\/\/suministroshoreb.com.mx\/wp-content\/uploads\/2022\/10\/WhatsApp-Image-2022-10-18-at-09.25.55-721x335.jpeg",721,335,true],"portfolio_item-thumbnail_portrait":["https:\/\/suministroshoreb.com.mx\/wp-content\/uploads\/2022\/10\/WhatsApp-Image-2022-10-18-at-09.25.55-600x721.jpeg",600,721,true],"portfolio_item-thumbnail_square":["https:\/\/suministroshoreb.com.mx\/wp-content\/uploads\/2022\/10\/WhatsApp-Image-2022-10-18-at-09.25.55.jpeg",721,721,false]},"_links":{"self":[{"href":"https:\/\/suministroshoreb.com.mx\/index.php\/wp-json\/wp\/v2\/product\/227"}],"collection":[{"href":"https:\/\/suministroshoreb.com.mx\/index.php\/wp-json\/wp\/v2\/product"}],"about":[{"href":"https:\/\/suministroshoreb.com.mx\/index.php\/wp-json\/wp\/v2\/types\/product"}],"replies":[{"embeddable":true,"href":"https:\/\/suministroshoreb.com.mx\/index.php\/wp-json\/wp\/v2\/comments?post=227"}],"wp:featuredmedia":[{"embeddable":true,"href":"https:\/\/suministroshoreb.com.mx\/index.php\/wp-json\/wp\/v2\/media\/644"}],"wp:attachment":[{"href":"https:\/\/suministroshoreb.com.mx\/index.php\/wp-json\/wp\/v2\/media?parent=227"}],"wp:term":[{"taxonomy":"product_cat","embeddable":true,"href":"https:\/\/suministroshoreb.com.mx\/index.php\/wp-json\/wp\/v2\/product_cat?post=227"},{"taxonomy":"product_tag","embeddable":true,"href":"https:\/\/suministroshoreb.com.mx\/index.php\/wp-json\/wp\/v2\/product_tag?post=227"}],"curies":[{"name":"wp","href":"https:\/\/api.w.org\/{rel}","templated":true}]}}