{"id":277,"date":"2022-10-11T21:03:31","date_gmt":"2022-10-11T21:03:31","guid":{"rendered":"https:\/\/suministroshoreb.com.mx\/?post_type=product&#038;p=277"},"modified":"2022-10-11T21:03:31","modified_gmt":"2022-10-11T21:03:31","slug":"muretes-para-baja-tension-electrica","status":"publish","type":"product","link":"https:\/\/suministroshoreb.com.mx\/index.php\/producto\/muretes-para-baja-tension-electrica\/","title":{"rendered":"MURETES PARA BAJA TENSI\u00d3N ELECTRICA"},"content":{"rendered":"<p>Los muretes de medici\u00f3n son los elementos que se encuentra en el exterior del domicilio y en todos los lugares que necesiten de electricidad, en ellos se instalan los medidores de la compa\u00f1\u00eda el\u00e9ctrica y se encarga de realizar la conexi\u00f3n entre el inmueble y el tendido de baja tensi\u00f3n.<\/p>\n","protected":false},"excerpt":{"rendered":"<p>Los muretes de medici\u00f3n son los elementos que se encuentra en el exterior del domicilio y en todos los lugares que necesiten de electricidad, en ellos se instalan los medidores de la compa\u00f1\u00eda el\u00e9ctrica y se encarga de realizar la conexi\u00f3n entre el inmueble y el tendido de baja tensi\u00f3n.<\/p>\n","protected":false},"featured_media":253,"comment_status":"open","ping_status":"closed","template":"","meta":{"om_disable_all_campaigns":false,"_monsterinsights_skip_tracking":false,"_monsterinsights_sitenote_active":false,"_monsterinsights_sitenote_note":"","_monsterinsights_sitenote_category":0},"product_cat":[18],"product_tag":[],"aioseo_notices":[],"featured_media_urls":{"thumbnail":["https:\/\/suministroshoreb.com.mx\/wp-content\/uploads\/2022\/10\/murete-150x150.jpg",150,150,true],"medium":["https:\/\/suministroshoreb.com.mx\/wp-content\/uploads\/2022\/10\/murete-300x300.jpg",300,300,true],"medium_large":["https:\/\/suministroshoreb.com.mx\/wp-content\/uploads\/2022\/10\/murete.jpg",550,550,false],"large":["https:\/\/suministroshoreb.com.mx\/wp-content\/uploads\/2022\/10\/murete.jpg",550,550,false],"1536x1536":["https:\/\/suministroshoreb.com.mx\/wp-content\/uploads\/2022\/10\/murete.jpg",550,550,false],"2048x2048":["https:\/\/suministroshoreb.com.mx\/wp-content\/uploads\/2022\/10\/murete.jpg",550,550,false],"inspiro-featured-image":["https:\/\/suministroshoreb.com.mx\/wp-content\/uploads\/2022\/10\/murete.jpg",550,550,false],"inspiro-loop":["https:\/\/suministroshoreb.com.mx\/wp-content\/uploads\/2022\/10\/murete-550x320.jpg",550,320,true],"inspiro-loop@2x":["https:\/\/suministroshoreb.com.mx\/wp-content\/uploads\/2022\/10\/murete.jpg",550,550,false],"mailpoet_newsletter_max":["https:\/\/suministroshoreb.com.mx\/wp-content\/uploads\/2022\/10\/murete.jpg",550,550,false],"woocommerce_thumbnail":["https:\/\/suministroshoreb.com.mx\/wp-content\/uploads\/2022\/10\/murete-300x300.jpg",300,300,true],"woocommerce_single":["https:\/\/suministroshoreb.com.mx\/wp-content\/uploads\/2022\/10\/murete.jpg",550,550,false],"woocommerce_gallery_thumbnail":["https:\/\/suministroshoreb.com.mx\/wp-content\/uploads\/2022\/10\/murete-100x100.jpg",100,100,true],"portfolio_item-thumbnail":["https:\/\/suministroshoreb.com.mx\/wp-content\/uploads\/2022\/10\/murete-550x400.jpg",550,400,true],"portfolio_item-masonry":["https:\/\/suministroshoreb.com.mx\/wp-content\/uploads\/2022\/10\/murete.jpg",550,550,false],"portfolio_item-thumbnail_cinema":["https:\/\/suministroshoreb.com.mx\/wp-content\/uploads\/2022\/10\/murete-550x335.jpg",550,335,true],"portfolio_item-thumbnail_portrait":["https:\/\/suministroshoreb.com.mx\/wp-content\/uploads\/2022\/10\/murete.jpg",550,550,false],"portfolio_item-thumbnail_square":["https:\/\/suministroshoreb.com.mx\/wp-content\/uploads\/2022\/10\/murete.jpg",550,550,false]},"_links":{"self":[{"href":"https:\/\/suministroshoreb.com.mx\/index.php\/wp-json\/wp\/v2\/product\/277"}],"collection":[{"href":"https:\/\/suministroshoreb.com.mx\/index.php\/wp-json\/wp\/v2\/product"}],"about":[{"href":"https:\/\/suministroshoreb.com.mx\/index.php\/wp-json\/wp\/v2\/types\/product"}],"replies":[{"embeddable":true,"href":"https:\/\/suministroshoreb.com.mx\/index.php\/wp-json\/wp\/v2\/comments?post=277"}],"wp:featuredmedia":[{"embeddable":true,"href":"https:\/\/suministroshoreb.com.mx\/index.php\/wp-json\/wp\/v2\/media\/253"}],"wp:attachment":[{"href":"https:\/\/suministroshoreb.com.mx\/index.php\/wp-json\/wp\/v2\/media?parent=277"}],"wp:term":[{"taxonomy":"product_cat","embeddable":true,"href":"https:\/\/suministroshoreb.com.mx\/index.php\/wp-json\/wp\/v2\/product_cat?post=277"},{"taxonomy":"product_tag","embeddable":true,"href":"https:\/\/suministroshoreb.com.mx\/index.php\/wp-json\/wp\/v2\/product_tag?post=277"}],"curies":[{"name":"wp","href":"https:\/\/api.w.org\/{rel}","templated":true}]}}