{"id":540,"date":"2022-10-14T21:33:24","date_gmt":"2022-10-14T21:33:24","guid":{"rendered":"https:\/\/suministroshoreb.com.mx\/?post_type=product&#038;p=540"},"modified":"2022-10-21T14:42:08","modified_gmt":"2022-10-21T14:42:08","slug":"tableros-de-basquetbol","status":"publish","type":"product","link":"https:\/\/suministroshoreb.com.mx\/index.php\/producto\/tableros-de-basquetbol\/","title":{"rendered":"TABLEROS Y MARCADORES DE BASQUETBOL"},"content":{"rendered":"<div class=\"wWOJcd\" tabindex=\"0\" role=\"button\" aria-controls=\"exacc_0F1NY_iLMYDXkPIPkdOmIA_8\" aria-expanded=\"true\" aria-labelledby=\"exacc_0F1NY_iLMYDXkPIPkdOmIA_7\">\n<div id=\"exacc_0F1NY_iLMYDXkPIPkdOmIA_7\" class=\"iDjcJe IX9Lgd wwB5gf\" aria-hidden=\"true\">Los tableros de baloncesto\u00a0son uno de los complementos adjuntos\u00a0que\u00a0conforman las canastas. Para garantizar su utilidad es fundamental\u00a0que\u00a0est\u00e9n fabricados con materiales de incre\u00edble resistencia a los impactos del bal\u00f3n, convirti\u00e9ndose en objetos duraderos y seguros.<\/div>\n<\/div>\n","protected":false},"excerpt":{"rendered":"<p>Los tableros de baloncesto\u00a0son uno de los complementos adjuntos\u00a0que\u00a0conforman las canastas. Para garantizar su utilidad es fundamental\u00a0que\u00a0est\u00e9n fabricados con materiales de incre\u00edble resistencia a los impactos del bal\u00f3n, convirti\u00e9ndose en objetos duraderos y seguros.<\/p>\n","protected":false},"featured_media":547,"comment_status":"open","ping_status":"closed","template":"","meta":{"om_disable_all_campaigns":false,"_monsterinsights_skip_tracking":false,"_monsterinsights_sitenote_active":false,"_monsterinsights_sitenote_note":"","_monsterinsights_sitenote_category":0},"product_cat":[18],"product_tag":[],"aioseo_notices":[],"featured_media_urls":{"thumbnail":["https:\/\/suministroshoreb.com.mx\/wp-content\/uploads\/2022\/10\/Tablero-de-basquet-2-150x150.jpg",150,150,true],"medium":["https:\/\/suministroshoreb.com.mx\/wp-content\/uploads\/2022\/10\/Tablero-de-basquet-2-300x244.jpg",300,244,true],"medium_large":["https:\/\/suministroshoreb.com.mx\/wp-content\/uploads\/2022\/10\/Tablero-de-basquet-2.jpg",320,260,false],"large":["https:\/\/suministroshoreb.com.mx\/wp-content\/uploads\/2022\/10\/Tablero-de-basquet-2.jpg",320,260,false],"1536x1536":["https:\/\/suministroshoreb.com.mx\/wp-content\/uploads\/2022\/10\/Tablero-de-basquet-2.jpg",320,260,false],"2048x2048":["https:\/\/suministroshoreb.com.mx\/wp-content\/uploads\/2022\/10\/Tablero-de-basquet-2.jpg",320,260,false],"inspiro-featured-image":["https:\/\/suministroshoreb.com.mx\/wp-content\/uploads\/2022\/10\/Tablero-de-basquet-2.jpg",320,260,false],"inspiro-loop":["https:\/\/suministroshoreb.com.mx\/wp-content\/uploads\/2022\/10\/Tablero-de-basquet-2.jpg",320,260,false],"inspiro-loop@2x":["https:\/\/suministroshoreb.com.mx\/wp-content\/uploads\/2022\/10\/Tablero-de-basquet-2.jpg",320,260,false],"mailpoet_newsletter_max":["https:\/\/suministroshoreb.com.mx\/wp-content\/uploads\/2022\/10\/Tablero-de-basquet-2.jpg",320,260,false],"woocommerce_thumbnail":["https:\/\/suministroshoreb.com.mx\/wp-content\/uploads\/2022\/10\/Tablero-de-basquet-2-300x260.jpg",300,260,true],"woocommerce_single":["https:\/\/suministroshoreb.com.mx\/wp-content\/uploads\/2022\/10\/Tablero-de-basquet-2.jpg",320,260,false],"woocommerce_gallery_thumbnail":["https:\/\/suministroshoreb.com.mx\/wp-content\/uploads\/2022\/10\/Tablero-de-basquet-2-100x100.jpg",100,100,true],"portfolio_item-thumbnail":["https:\/\/suministroshoreb.com.mx\/wp-content\/uploads\/2022\/10\/Tablero-de-basquet-2.jpg",320,260,false],"portfolio_item-masonry":["https:\/\/suministroshoreb.com.mx\/wp-content\/uploads\/2022\/10\/Tablero-de-basquet-2.jpg",320,260,false],"portfolio_item-thumbnail_cinema":["https:\/\/suministroshoreb.com.mx\/wp-content\/uploads\/2022\/10\/Tablero-de-basquet-2.jpg",320,260,false],"portfolio_item-thumbnail_portrait":["https:\/\/suministroshoreb.com.mx\/wp-content\/uploads\/2022\/10\/Tablero-de-basquet-2.jpg",320,260,false],"portfolio_item-thumbnail_square":["https:\/\/suministroshoreb.com.mx\/wp-content\/uploads\/2022\/10\/Tablero-de-basquet-2.jpg",320,260,false]},"_links":{"self":[{"href":"https:\/\/suministroshoreb.com.mx\/index.php\/wp-json\/wp\/v2\/product\/540"}],"collection":[{"href":"https:\/\/suministroshoreb.com.mx\/index.php\/wp-json\/wp\/v2\/product"}],"about":[{"href":"https:\/\/suministroshoreb.com.mx\/index.php\/wp-json\/wp\/v2\/types\/product"}],"replies":[{"embeddable":true,"href":"https:\/\/suministroshoreb.com.mx\/index.php\/wp-json\/wp\/v2\/comments?post=540"}],"wp:featuredmedia":[{"embeddable":true,"href":"https:\/\/suministroshoreb.com.mx\/index.php\/wp-json\/wp\/v2\/media\/547"}],"wp:attachment":[{"href":"https:\/\/suministroshoreb.com.mx\/index.php\/wp-json\/wp\/v2\/media?parent=540"}],"wp:term":[{"taxonomy":"product_cat","embeddable":true,"href":"https:\/\/suministroshoreb.com.mx\/index.php\/wp-json\/wp\/v2\/product_cat?post=540"},{"taxonomy":"product_tag","embeddable":true,"href":"https:\/\/suministroshoreb.com.mx\/index.php\/wp-json\/wp\/v2\/product_tag?post=540"}],"curies":[{"name":"wp","href":"https:\/\/api.w.org\/{rel}","templated":true}]}}