{"id":542,"date":"2022-10-14T21:34:12","date_gmt":"2022-10-14T21:34:12","guid":{"rendered":"https:\/\/suministroshoreb.com.mx\/?post_type=product&#038;p=542"},"modified":"2022-10-20T19:04:16","modified_gmt":"2022-10-20T19:04:16","slug":"piso-modular","status":"publish","type":"product","link":"https:\/\/suministroshoreb.com.mx\/index.php\/producto\/piso-modular\/","title":{"rendered":"PISO MODULAR"},"content":{"rendered":"<p><b>MATERIAL RESISTENTE <\/b><\/p>\n<p>Los pisos modulares de VersaCourt, hechos por medio de inyecci\u00f3n de molde est\u00e1n compuestos de un pol\u00edmero de polipropileno de alto impacto que los protege de fracturas durante uso intensivo, mientras que aditivos como estabilizador de UV y antioxidantes est\u00e1n incluidos para evitar que pierdan el color y la deterioraci\u00f3n.<\/p>\n","protected":false},"excerpt":{"rendered":"<p>MATERIAL RESISTENTE Los pisos modulares de VersaCourt, hechos por medio de inyecci\u00f3n de molde est\u00e1n compuestos de un pol\u00edmero de polipropileno de alto impacto que los protege de fracturas durante uso intensivo, mientras que aditivos como estabilizador de UV y antioxidantes est\u00e1n incluidos para evitar que pierdan el color y la deterioraci\u00f3n.<\/p>\n","protected":false},"featured_media":657,"comment_status":"open","ping_status":"closed","template":"","meta":{"om_disable_all_campaigns":false,"_monsterinsights_skip_tracking":false,"_monsterinsights_sitenote_active":false,"_monsterinsights_sitenote_note":"","_monsterinsights_sitenote_category":0},"product_cat":[18],"product_tag":[],"aioseo_notices":[],"featured_media_urls":{"thumbnail":["https:\/\/suministroshoreb.com.mx\/wp-content\/uploads\/2022\/10\/WhatsApp-Image-2022-10-18-at-09.02.02-150x150.jpeg",150,150,true],"medium":["https:\/\/suministroshoreb.com.mx\/wp-content\/uploads\/2022\/10\/WhatsApp-Image-2022-10-18-at-09.02.02-300x277.jpeg",300,277,true],"medium_large":["https:\/\/suministroshoreb.com.mx\/wp-content\/uploads\/2022\/10\/WhatsApp-Image-2022-10-18-at-09.02.02.jpeg",613,567,false],"large":["https:\/\/suministroshoreb.com.mx\/wp-content\/uploads\/2022\/10\/WhatsApp-Image-2022-10-18-at-09.02.02.jpeg",613,567,false],"1536x1536":["https:\/\/suministroshoreb.com.mx\/wp-content\/uploads\/2022\/10\/WhatsApp-Image-2022-10-18-at-09.02.02.jpeg",613,567,false],"2048x2048":["https:\/\/suministroshoreb.com.mx\/wp-content\/uploads\/2022\/10\/WhatsApp-Image-2022-10-18-at-09.02.02.jpeg",613,567,false],"inspiro-featured-image":["https:\/\/suministroshoreb.com.mx\/wp-content\/uploads\/2022\/10\/WhatsApp-Image-2022-10-18-at-09.02.02.jpeg",613,567,false],"inspiro-loop":["https:\/\/suministroshoreb.com.mx\/wp-content\/uploads\/2022\/10\/WhatsApp-Image-2022-10-18-at-09.02.02-613x320.jpeg",613,320,true],"inspiro-loop@2x":["https:\/\/suministroshoreb.com.mx\/wp-content\/uploads\/2022\/10\/WhatsApp-Image-2022-10-18-at-09.02.02.jpeg",613,567,false],"mailpoet_newsletter_max":["https:\/\/suministroshoreb.com.mx\/wp-content\/uploads\/2022\/10\/WhatsApp-Image-2022-10-18-at-09.02.02.jpeg",613,567,false],"woocommerce_thumbnail":["https:\/\/suministroshoreb.com.mx\/wp-content\/uploads\/2022\/10\/WhatsApp-Image-2022-10-18-at-09.02.02-300x300.jpeg",300,300,true],"woocommerce_single":["https:\/\/suministroshoreb.com.mx\/wp-content\/uploads\/2022\/10\/WhatsApp-Image-2022-10-18-at-09.02.02-600x555.jpeg",600,555,true],"woocommerce_gallery_thumbnail":["https:\/\/suministroshoreb.com.mx\/wp-content\/uploads\/2022\/10\/WhatsApp-Image-2022-10-18-at-09.02.02-100x100.jpeg",100,100,true],"portfolio_item-thumbnail":["https:\/\/suministroshoreb.com.mx\/wp-content\/uploads\/2022\/10\/WhatsApp-Image-2022-10-18-at-09.02.02-600x400.jpeg",600,400,true],"portfolio_item-masonry":["https:\/\/suministroshoreb.com.mx\/wp-content\/uploads\/2022\/10\/WhatsApp-Image-2022-10-18-at-09.02.02-600x555.jpeg",600,555,true],"portfolio_item-thumbnail_cinema":["https:\/\/suministroshoreb.com.mx\/wp-content\/uploads\/2022\/10\/WhatsApp-Image-2022-10-18-at-09.02.02-613x335.jpeg",613,335,true],"portfolio_item-thumbnail_portrait":["https:\/\/suministroshoreb.com.mx\/wp-content\/uploads\/2022\/10\/WhatsApp-Image-2022-10-18-at-09.02.02-600x567.jpeg",600,567,true],"portfolio_item-thumbnail_square":["https:\/\/suministroshoreb.com.mx\/wp-content\/uploads\/2022\/10\/WhatsApp-Image-2022-10-18-at-09.02.02.jpeg",613,567,false]},"_links":{"self":[{"href":"https:\/\/suministroshoreb.com.mx\/index.php\/wp-json\/wp\/v2\/product\/542"}],"collection":[{"href":"https:\/\/suministroshoreb.com.mx\/index.php\/wp-json\/wp\/v2\/product"}],"about":[{"href":"https:\/\/suministroshoreb.com.mx\/index.php\/wp-json\/wp\/v2\/types\/product"}],"replies":[{"embeddable":true,"href":"https:\/\/suministroshoreb.com.mx\/index.php\/wp-json\/wp\/v2\/comments?post=542"}],"wp:featuredmedia":[{"embeddable":true,"href":"https:\/\/suministroshoreb.com.mx\/index.php\/wp-json\/wp\/v2\/media\/657"}],"wp:attachment":[{"href":"https:\/\/suministroshoreb.com.mx\/index.php\/wp-json\/wp\/v2\/media?parent=542"}],"wp:term":[{"taxonomy":"product_cat","embeddable":true,"href":"https:\/\/suministroshoreb.com.mx\/index.php\/wp-json\/wp\/v2\/product_cat?post=542"},{"taxonomy":"product_tag","embeddable":true,"href":"https:\/\/suministroshoreb.com.mx\/index.php\/wp-json\/wp\/v2\/product_tag?post=542"}],"curies":[{"name":"wp","href":"https:\/\/api.w.org\/{rel}","templated":true}]}}