{"id":661,"date":"2022-10-18T16:29:57","date_gmt":"2022-10-18T16:29:57","guid":{"rendered":"https:\/\/suministroshoreb.com.mx\/?post_type=product&#038;p=661"},"modified":"2026-02-02T07:35:14","modified_gmt":"2026-02-02T07:35:14","slug":"adoquin-de-caucho","status":"publish","type":"product","link":"https:\/\/suministroshoreb.com.mx\/index.php\/producto\/adoquin-de-caucho\/","title":{"rendered":"ADOQU\u00cdN DE CAUCHO"},"content":{"rendered":"<p>Ideal para zonas de trabajo pesado, probado en parqueaderos, caballos, parques infantiles y en ganader\u00eda.<\/p>\n<p>BENEFICIOS:<\/p>\n<ul>\n<li>Antideslizante<\/li>\n<li>Resistente al impacto<\/li>\n<li>F\u00e1cil lavado<\/li>\n<li>F\u00e1cil instalaci\u00f3n<\/li>\n<li>Evita lesiones o accidentes<\/li>\n<\/ul>\n","protected":false},"excerpt":{"rendered":"<p>Ideal para zonas de trabajo pesado, probado en parqueaderos, caballos, parques infantiles y en ganader\u00eda. BENEFICIOS: Antideslizante Resistente al impacto F\u00e1cil lavado F\u00e1cil instalaci\u00f3n Evita lesiones o accidentes<\/p>\n","protected":false},"featured_media":662,"comment_status":"open","ping_status":"closed","template":"","meta":{"om_disable_all_campaigns":false,"_monsterinsights_skip_tracking":false,"_monsterinsights_sitenote_active":false,"_monsterinsights_sitenote_note":"","_monsterinsights_sitenote_category":0},"product_cat":[18],"product_tag":[],"aioseo_notices":[],"featured_media_urls":{"thumbnail":["https:\/\/suministroshoreb.com.mx\/wp-content\/uploads\/2022\/10\/WhatsApp-Image-2022-10-18-at-09.07.21-1-150x150.jpeg",150,150,true],"medium":["https:\/\/suministroshoreb.com.mx\/wp-content\/uploads\/2022\/10\/WhatsApp-Image-2022-10-18-at-09.07.21-1-300x300.jpeg",300,300,true],"medium_large":["https:\/\/suministroshoreb.com.mx\/wp-content\/uploads\/2022\/10\/WhatsApp-Image-2022-10-18-at-09.07.21-1.jpeg",720,720,false],"large":["https:\/\/suministroshoreb.com.mx\/wp-content\/uploads\/2022\/10\/WhatsApp-Image-2022-10-18-at-09.07.21-1.jpeg",720,720,false],"1536x1536":["https:\/\/suministroshoreb.com.mx\/wp-content\/uploads\/2022\/10\/WhatsApp-Image-2022-10-18-at-09.07.21-1.jpeg",720,720,false],"2048x2048":["https:\/\/suministroshoreb.com.mx\/wp-content\/uploads\/2022\/10\/WhatsApp-Image-2022-10-18-at-09.07.21-1.jpeg",720,720,false],"inspiro-featured-image":["https:\/\/suministroshoreb.com.mx\/wp-content\/uploads\/2022\/10\/WhatsApp-Image-2022-10-18-at-09.07.21-1.jpeg",720,720,false],"inspiro-loop":["https:\/\/suministroshoreb.com.mx\/wp-content\/uploads\/2022\/10\/WhatsApp-Image-2022-10-18-at-09.07.21-1-720x320.jpeg",720,320,true],"inspiro-loop@2x":["https:\/\/suministroshoreb.com.mx\/wp-content\/uploads\/2022\/10\/WhatsApp-Image-2022-10-18-at-09.07.21-1-720x640.jpeg",720,640,true],"mailpoet_newsletter_max":["https:\/\/suministroshoreb.com.mx\/wp-content\/uploads\/2022\/10\/WhatsApp-Image-2022-10-18-at-09.07.21-1.jpeg",720,720,false],"woocommerce_thumbnail":["https:\/\/suministroshoreb.com.mx\/wp-content\/uploads\/2022\/10\/WhatsApp-Image-2022-10-18-at-09.07.21-1-300x300.jpeg",300,300,true],"woocommerce_single":["https:\/\/suministroshoreb.com.mx\/wp-content\/uploads\/2022\/10\/WhatsApp-Image-2022-10-18-at-09.07.21-1-600x600.jpeg",600,600,true],"woocommerce_gallery_thumbnail":["https:\/\/suministroshoreb.com.mx\/wp-content\/uploads\/2022\/10\/WhatsApp-Image-2022-10-18-at-09.07.21-1-100x100.jpeg",100,100,true],"portfolio_item-thumbnail":["https:\/\/suministroshoreb.com.mx\/wp-content\/uploads\/2022\/10\/WhatsApp-Image-2022-10-18-at-09.07.21-1-600x400.jpeg",600,400,true],"portfolio_item-masonry":["https:\/\/suministroshoreb.com.mx\/wp-content\/uploads\/2022\/10\/WhatsApp-Image-2022-10-18-at-09.07.21-1-600x600.jpeg",600,600,true],"portfolio_item-thumbnail_cinema":["https:\/\/suministroshoreb.com.mx\/wp-content\/uploads\/2022\/10\/WhatsApp-Image-2022-10-18-at-09.07.21-1-720x335.jpeg",720,335,true],"portfolio_item-thumbnail_portrait":["https:\/\/suministroshoreb.com.mx\/wp-content\/uploads\/2022\/10\/WhatsApp-Image-2022-10-18-at-09.07.21-1-600x720.jpeg",600,720,true],"portfolio_item-thumbnail_square":["https:\/\/suministroshoreb.com.mx\/wp-content\/uploads\/2022\/10\/WhatsApp-Image-2022-10-18-at-09.07.21-1.jpeg",720,720,false]},"_links":{"self":[{"href":"https:\/\/suministroshoreb.com.mx\/index.php\/wp-json\/wp\/v2\/product\/661"}],"collection":[{"href":"https:\/\/suministroshoreb.com.mx\/index.php\/wp-json\/wp\/v2\/product"}],"about":[{"href":"https:\/\/suministroshoreb.com.mx\/index.php\/wp-json\/wp\/v2\/types\/product"}],"replies":[{"embeddable":true,"href":"https:\/\/suministroshoreb.com.mx\/index.php\/wp-json\/wp\/v2\/comments?post=661"}],"wp:featuredmedia":[{"embeddable":true,"href":"https:\/\/suministroshoreb.com.mx\/index.php\/wp-json\/wp\/v2\/media\/662"}],"wp:attachment":[{"href":"https:\/\/suministroshoreb.com.mx\/index.php\/wp-json\/wp\/v2\/media?parent=661"}],"wp:term":[{"taxonomy":"product_cat","embeddable":true,"href":"https:\/\/suministroshoreb.com.mx\/index.php\/wp-json\/wp\/v2\/product_cat?post=661"},{"taxonomy":"product_tag","embeddable":true,"href":"https:\/\/suministroshoreb.com.mx\/index.php\/wp-json\/wp\/v2\/product_tag?post=661"}],"curies":[{"name":"wp","href":"https:\/\/api.w.org\/{rel}","templated":true}]}}