{"id":664,"date":"2022-10-18T16:35:37","date_gmt":"2022-10-18T16:35:37","guid":{"rendered":"https:\/\/suministroshoreb.com.mx\/?post_type=product&#038;p=664"},"modified":"2022-10-20T19:31:23","modified_gmt":"2022-10-20T19:31:23","slug":"loseta-de-mosaico","status":"publish","type":"product","link":"https:\/\/suministroshoreb.com.mx\/index.php\/producto\/loseta-de-mosaico\/","title":{"rendered":"LOSETA DE MOSAICO"},"content":{"rendered":"<p>Nuestras losetas son 100% libres de solventes, fabricadas con llanta reciclada y aglomerados con una resina de poliuretano recubiertos con laca color terracota o verde a base de unicel reciclado en el acabado polvo o grano. Medidas: 35 x 35 x1.9 cm<\/p>\n<p>Caracter\u00edsticas:<\/p>\n<ul>\n<li>Amortiguante<\/li>\n<li>Antideslizante<\/li>\n<li>Antifatiga<\/li>\n<li>F\u00e1cil instalaci\u00f3n<\/li>\n<li>No t\u00f3xico<\/li>\n<li>No conductor de electricidad<\/li>\n<li>No guarda humedad ni genera hongos ni bacterias<\/li>\n<li>Apto para interiores y exteriores<\/li>\n<li>Resistente a la intemperie<\/li>\n<li>No inflamable<\/li>\n<\/ul>\n","protected":false},"excerpt":{"rendered":"<p>Nuestras losetas son 100% libres de solventes, fabricadas con llanta reciclada y aglomerados con una resina de poliuretano recubiertos con laca color terracota o verde a base de unicel reciclado en el acabado polvo o grano. Medidas: 35 x 35 x1.9 cm Caracter\u00edsticas: Amortiguante Antideslizante Antifatiga F\u00e1cil instalaci\u00f3n No t\u00f3xico No conductor de electricidad No &hellip; <\/p>\n<p class=\"link-more\"><a href=\"https:\/\/suministroshoreb.com.mx\/index.php\/producto\/loseta-de-mosaico\/\" class=\"more-link\">Leer m\u00e1s<span class=\"screen-reader-text\"> \u00abLOSETA DE MOSAICO\u00bb<\/span><\/a><\/p>\n","protected":false},"featured_media":665,"comment_status":"open","ping_status":"closed","template":"","meta":{"om_disable_all_campaigns":false,"_monsterinsights_skip_tracking":false,"_monsterinsights_sitenote_active":false,"_monsterinsights_sitenote_note":"","_monsterinsights_sitenote_category":0},"product_cat":[18],"product_tag":[],"aioseo_notices":[],"featured_media_urls":{"thumbnail":["https:\/\/suministroshoreb.com.mx\/wp-content\/uploads\/2022\/10\/WhatsApp-Image-2022-10-18-at-09.07.21-150x150.jpeg",150,150,true],"medium":["https:\/\/suministroshoreb.com.mx\/wp-content\/uploads\/2022\/10\/WhatsApp-Image-2022-10-18-at-09.07.21-300x300.jpeg",300,300,true],"medium_large":["https:\/\/suministroshoreb.com.mx\/wp-content\/uploads\/2022\/10\/WhatsApp-Image-2022-10-18-at-09.07.21.jpeg",720,720,false],"large":["https:\/\/suministroshoreb.com.mx\/wp-content\/uploads\/2022\/10\/WhatsApp-Image-2022-10-18-at-09.07.21.jpeg",720,720,false],"1536x1536":["https:\/\/suministroshoreb.com.mx\/wp-content\/uploads\/2022\/10\/WhatsApp-Image-2022-10-18-at-09.07.21.jpeg",720,720,false],"2048x2048":["https:\/\/suministroshoreb.com.mx\/wp-content\/uploads\/2022\/10\/WhatsApp-Image-2022-10-18-at-09.07.21.jpeg",720,720,false],"inspiro-featured-image":["https:\/\/suministroshoreb.com.mx\/wp-content\/uploads\/2022\/10\/WhatsApp-Image-2022-10-18-at-09.07.21.jpeg",720,720,false],"inspiro-loop":["https:\/\/suministroshoreb.com.mx\/wp-content\/uploads\/2022\/10\/WhatsApp-Image-2022-10-18-at-09.07.21-720x320.jpeg",720,320,true],"inspiro-loop@2x":["https:\/\/suministroshoreb.com.mx\/wp-content\/uploads\/2022\/10\/WhatsApp-Image-2022-10-18-at-09.07.21-720x640.jpeg",720,640,true],"mailpoet_newsletter_max":["https:\/\/suministroshoreb.com.mx\/wp-content\/uploads\/2022\/10\/WhatsApp-Image-2022-10-18-at-09.07.21.jpeg",720,720,false],"woocommerce_thumbnail":["https:\/\/suministroshoreb.com.mx\/wp-content\/uploads\/2022\/10\/WhatsApp-Image-2022-10-18-at-09.07.21-300x300.jpeg",300,300,true],"woocommerce_single":["https:\/\/suministroshoreb.com.mx\/wp-content\/uploads\/2022\/10\/WhatsApp-Image-2022-10-18-at-09.07.21-600x600.jpeg",600,600,true],"woocommerce_gallery_thumbnail":["https:\/\/suministroshoreb.com.mx\/wp-content\/uploads\/2022\/10\/WhatsApp-Image-2022-10-18-at-09.07.21-100x100.jpeg",100,100,true],"portfolio_item-thumbnail":["https:\/\/suministroshoreb.com.mx\/wp-content\/uploads\/2022\/10\/WhatsApp-Image-2022-10-18-at-09.07.21-600x400.jpeg",600,400,true],"portfolio_item-masonry":["https:\/\/suministroshoreb.com.mx\/wp-content\/uploads\/2022\/10\/WhatsApp-Image-2022-10-18-at-09.07.21-600x600.jpeg",600,600,true],"portfolio_item-thumbnail_cinema":["https:\/\/suministroshoreb.com.mx\/wp-content\/uploads\/2022\/10\/WhatsApp-Image-2022-10-18-at-09.07.21-720x335.jpeg",720,335,true],"portfolio_item-thumbnail_portrait":["https:\/\/suministroshoreb.com.mx\/wp-content\/uploads\/2022\/10\/WhatsApp-Image-2022-10-18-at-09.07.21-600x720.jpeg",600,720,true],"portfolio_item-thumbnail_square":["https:\/\/suministroshoreb.com.mx\/wp-content\/uploads\/2022\/10\/WhatsApp-Image-2022-10-18-at-09.07.21.jpeg",720,720,false]},"_links":{"self":[{"href":"https:\/\/suministroshoreb.com.mx\/index.php\/wp-json\/wp\/v2\/product\/664"}],"collection":[{"href":"https:\/\/suministroshoreb.com.mx\/index.php\/wp-json\/wp\/v2\/product"}],"about":[{"href":"https:\/\/suministroshoreb.com.mx\/index.php\/wp-json\/wp\/v2\/types\/product"}],"replies":[{"embeddable":true,"href":"https:\/\/suministroshoreb.com.mx\/index.php\/wp-json\/wp\/v2\/comments?post=664"}],"wp:featuredmedia":[{"embeddable":true,"href":"https:\/\/suministroshoreb.com.mx\/index.php\/wp-json\/wp\/v2\/media\/665"}],"wp:attachment":[{"href":"https:\/\/suministroshoreb.com.mx\/index.php\/wp-json\/wp\/v2\/media?parent=664"}],"wp:term":[{"taxonomy":"product_cat","embeddable":true,"href":"https:\/\/suministroshoreb.com.mx\/index.php\/wp-json\/wp\/v2\/product_cat?post=664"},{"taxonomy":"product_tag","embeddable":true,"href":"https:\/\/suministroshoreb.com.mx\/index.php\/wp-json\/wp\/v2\/product_tag?post=664"}],"curies":[{"name":"wp","href":"https:\/\/api.w.org\/{rel}","templated":true}]}}