{"id":666,"date":"2022-10-18T16:38:23","date_gmt":"2022-10-18T16:38:23","guid":{"rendered":"https:\/\/suministroshoreb.com.mx\/?post_type=product&#038;p=666"},"modified":"2026-02-02T23:13:14","modified_gmt":"2026-02-02T23:13:14","slug":"trotapista-de-tartan","status":"publish","type":"product","link":"https:\/\/suministroshoreb.com.mx\/index.php\/producto\/trotapista-de-tartan\/","title":{"rendered":"PISTAS Y TROTAPISTAS DE TART\u00c1N"},"content":{"rendered":"<p>El tart\u00e1n es un material sint\u00e9tico poroso con el cual se hacen pistas de atletismo. La particularidad del material en su porosidad que favorece la absorci\u00f3n del impacto al correr, provocando menos sufrimiento en las articulaciones del atleta. Tambi\u00e9n ofrece otras ventajas como:<\/p>\n<ul>\n<li>Bajo mantenimiento<\/li>\n<li>Resistencia a la intemperie<\/li>\n<li>Brinda alto confort a los atletas<\/li>\n<li>Son resistentes a los cambios de clima<\/li>\n<\/ul>\n","protected":false},"excerpt":{"rendered":"<p>El tart\u00e1n es un material sint\u00e9tico poroso con el cual se hacen pistas de atletismo. La particularidad del material en su porosidad que favorece la absorci\u00f3n del impacto al correr, provocando menos sufrimiento en las articulaciones del atleta. Tambi\u00e9n ofrece otras ventajas como: Bajo mantenimiento Resistencia a la intemperie Brinda alto confort a los atletas &hellip; <\/p>\n<p class=\"link-more\"><a href=\"https:\/\/suministroshoreb.com.mx\/index.php\/producto\/trotapista-de-tartan\/\" class=\"more-link\">Leer m\u00e1s<span class=\"screen-reader-text\"> \u00abPISTAS Y TROTAPISTAS DE TART\u00c1N\u00bb<\/span><\/a><\/p>\n","protected":false},"featured_media":667,"comment_status":"open","ping_status":"closed","template":"","meta":{"om_disable_all_campaigns":false,"_monsterinsights_skip_tracking":false,"_monsterinsights_sitenote_active":false,"_monsterinsights_sitenote_note":"","_monsterinsights_sitenote_category":0},"product_cat":[18],"product_tag":[],"aioseo_notices":[],"featured_media_urls":{"thumbnail":["https:\/\/suministroshoreb.com.mx\/wp-content\/uploads\/2022\/10\/IMG-20221005-WA0007-1-150x150.jpg",150,150,true],"medium":["https:\/\/suministroshoreb.com.mx\/wp-content\/uploads\/2022\/10\/IMG-20221005-WA0007-1-219x300.jpg",219,300,true],"medium_large":["https:\/\/suministroshoreb.com.mx\/wp-content\/uploads\/2022\/10\/IMG-20221005-WA0007-1.jpg",564,773,false],"large":["https:\/\/suministroshoreb.com.mx\/wp-content\/uploads\/2022\/10\/IMG-20221005-WA0007-1.jpg",564,773,false],"1536x1536":["https:\/\/suministroshoreb.com.mx\/wp-content\/uploads\/2022\/10\/IMG-20221005-WA0007-1.jpg",564,773,false],"2048x2048":["https:\/\/suministroshoreb.com.mx\/wp-content\/uploads\/2022\/10\/IMG-20221005-WA0007-1.jpg",564,773,false],"inspiro-featured-image":["https:\/\/suministroshoreb.com.mx\/wp-content\/uploads\/2022\/10\/IMG-20221005-WA0007-1.jpg",564,773,false],"inspiro-loop":["https:\/\/suministroshoreb.com.mx\/wp-content\/uploads\/2022\/10\/IMG-20221005-WA0007-1-564x320.jpg",564,320,true],"inspiro-loop@2x":["https:\/\/suministroshoreb.com.mx\/wp-content\/uploads\/2022\/10\/IMG-20221005-WA0007-1-564x640.jpg",564,640,true],"mailpoet_newsletter_max":["https:\/\/suministroshoreb.com.mx\/wp-content\/uploads\/2022\/10\/IMG-20221005-WA0007-1.jpg",564,773,false],"woocommerce_thumbnail":["https:\/\/suministroshoreb.com.mx\/wp-content\/uploads\/2022\/10\/IMG-20221005-WA0007-1-300x300.jpg",300,300,true],"woocommerce_single":["https:\/\/suministroshoreb.com.mx\/wp-content\/uploads\/2022\/10\/IMG-20221005-WA0007-1.jpg",564,773,false],"woocommerce_gallery_thumbnail":["https:\/\/suministroshoreb.com.mx\/wp-content\/uploads\/2022\/10\/IMG-20221005-WA0007-1-100x100.jpg",100,100,true],"portfolio_item-thumbnail":["https:\/\/suministroshoreb.com.mx\/wp-content\/uploads\/2022\/10\/IMG-20221005-WA0007-1-564x400.jpg",564,400,true],"portfolio_item-masonry":["https:\/\/suministroshoreb.com.mx\/wp-content\/uploads\/2022\/10\/IMG-20221005-WA0007-1.jpg",564,773,false],"portfolio_item-thumbnail_cinema":["https:\/\/suministroshoreb.com.mx\/wp-content\/uploads\/2022\/10\/IMG-20221005-WA0007-1-564x335.jpg",564,335,true],"portfolio_item-thumbnail_portrait":["https:\/\/suministroshoreb.com.mx\/wp-content\/uploads\/2022\/10\/IMG-20221005-WA0007-1.jpg",564,773,false],"portfolio_item-thumbnail_square":["https:\/\/suministroshoreb.com.mx\/wp-content\/uploads\/2022\/10\/IMG-20221005-WA0007-1.jpg",564,773,false]},"_links":{"self":[{"href":"https:\/\/suministroshoreb.com.mx\/index.php\/wp-json\/wp\/v2\/product\/666"}],"collection":[{"href":"https:\/\/suministroshoreb.com.mx\/index.php\/wp-json\/wp\/v2\/product"}],"about":[{"href":"https:\/\/suministroshoreb.com.mx\/index.php\/wp-json\/wp\/v2\/types\/product"}],"replies":[{"embeddable":true,"href":"https:\/\/suministroshoreb.com.mx\/index.php\/wp-json\/wp\/v2\/comments?post=666"}],"wp:featuredmedia":[{"embeddable":true,"href":"https:\/\/suministroshoreb.com.mx\/index.php\/wp-json\/wp\/v2\/media\/667"}],"wp:attachment":[{"href":"https:\/\/suministroshoreb.com.mx\/index.php\/wp-json\/wp\/v2\/media?parent=666"}],"wp:term":[{"taxonomy":"product_cat","embeddable":true,"href":"https:\/\/suministroshoreb.com.mx\/index.php\/wp-json\/wp\/v2\/product_cat?post=666"},{"taxonomy":"product_tag","embeddable":true,"href":"https:\/\/suministroshoreb.com.mx\/index.php\/wp-json\/wp\/v2\/product_tag?post=666"}],"curies":[{"name":"wp","href":"https:\/\/api.w.org\/{rel}","templated":true}]}}