{"id":669,"date":"2022-10-18T16:49:18","date_gmt":"2022-10-18T16:49:18","guid":{"rendered":"https:\/\/suministroshoreb.com.mx\/?post_type=product&#038;p=669"},"modified":"2022-10-20T19:49:39","modified_gmt":"2022-10-20T19:49:39","slug":"pasto-sintetico-2","status":"publish","type":"product","link":"https:\/\/suministroshoreb.com.mx\/index.php\/producto\/pasto-sintetico-2\/","title":{"rendered":"PASTO SINT\u00c9TICO"},"content":{"rendered":"<p>Un excelente pasto para ser utilizado en canchas de f\u00fatbol r\u00e1pido, f\u00fatbol. Resistente, duradero y muy f\u00e1cil de instalar.<\/p>\n","protected":false},"excerpt":{"rendered":"<p>Un excelente pasto para ser utilizado en canchas de f\u00fatbol r\u00e1pido, f\u00fatbol. Resistente, duradero y muy f\u00e1cil de instalar.<\/p>\n","protected":false},"featured_media":671,"comment_status":"open","ping_status":"closed","template":"","meta":{"om_disable_all_campaigns":false,"_monsterinsights_skip_tracking":false,"_monsterinsights_sitenote_active":false,"_monsterinsights_sitenote_note":"","_monsterinsights_sitenote_category":0},"product_cat":[18],"product_tag":[],"aioseo_notices":[],"featured_media_urls":{"thumbnail":["https:\/\/suministroshoreb.com.mx\/wp-content\/uploads\/2022\/10\/pasto-sintetico-150x150.jpg",150,150,true],"medium":["https:\/\/suministroshoreb.com.mx\/wp-content\/uploads\/2022\/10\/pasto-sintetico-300x225.jpg",300,225,true],"medium_large":["https:\/\/suministroshoreb.com.mx\/wp-content\/uploads\/2022\/10\/pasto-sintetico.jpg",466,350,false],"large":["https:\/\/suministroshoreb.com.mx\/wp-content\/uploads\/2022\/10\/pasto-sintetico.jpg",466,350,false],"1536x1536":["https:\/\/suministroshoreb.com.mx\/wp-content\/uploads\/2022\/10\/pasto-sintetico.jpg",466,350,false],"2048x2048":["https:\/\/suministroshoreb.com.mx\/wp-content\/uploads\/2022\/10\/pasto-sintetico.jpg",466,350,false],"inspiro-featured-image":["https:\/\/suministroshoreb.com.mx\/wp-content\/uploads\/2022\/10\/pasto-sintetico.jpg",466,350,false],"inspiro-loop":["https:\/\/suministroshoreb.com.mx\/wp-content\/uploads\/2022\/10\/pasto-sintetico-466x320.jpg",466,320,true],"inspiro-loop@2x":["https:\/\/suministroshoreb.com.mx\/wp-content\/uploads\/2022\/10\/pasto-sintetico.jpg",466,350,false],"mailpoet_newsletter_max":["https:\/\/suministroshoreb.com.mx\/wp-content\/uploads\/2022\/10\/pasto-sintetico.jpg",466,350,false],"woocommerce_thumbnail":["https:\/\/suministroshoreb.com.mx\/wp-content\/uploads\/2022\/10\/pasto-sintetico-300x300.jpg",300,300,true],"woocommerce_single":["https:\/\/suministroshoreb.com.mx\/wp-content\/uploads\/2022\/10\/pasto-sintetico.jpg",466,350,false],"woocommerce_gallery_thumbnail":["https:\/\/suministroshoreb.com.mx\/wp-content\/uploads\/2022\/10\/pasto-sintetico-100x100.jpg",100,100,true],"portfolio_item-thumbnail":["https:\/\/suministroshoreb.com.mx\/wp-content\/uploads\/2022\/10\/pasto-sintetico.jpg",466,350,false],"portfolio_item-masonry":["https:\/\/suministroshoreb.com.mx\/wp-content\/uploads\/2022\/10\/pasto-sintetico.jpg",466,350,false],"portfolio_item-thumbnail_cinema":["https:\/\/suministroshoreb.com.mx\/wp-content\/uploads\/2022\/10\/pasto-sintetico-466x335.jpg",466,335,true],"portfolio_item-thumbnail_portrait":["https:\/\/suministroshoreb.com.mx\/wp-content\/uploads\/2022\/10\/pasto-sintetico.jpg",466,350,false],"portfolio_item-thumbnail_square":["https:\/\/suministroshoreb.com.mx\/wp-content\/uploads\/2022\/10\/pasto-sintetico.jpg",466,350,false]},"_links":{"self":[{"href":"https:\/\/suministroshoreb.com.mx\/index.php\/wp-json\/wp\/v2\/product\/669"}],"collection":[{"href":"https:\/\/suministroshoreb.com.mx\/index.php\/wp-json\/wp\/v2\/product"}],"about":[{"href":"https:\/\/suministroshoreb.com.mx\/index.php\/wp-json\/wp\/v2\/types\/product"}],"replies":[{"embeddable":true,"href":"https:\/\/suministroshoreb.com.mx\/index.php\/wp-json\/wp\/v2\/comments?post=669"}],"wp:featuredmedia":[{"embeddable":true,"href":"https:\/\/suministroshoreb.com.mx\/index.php\/wp-json\/wp\/v2\/media\/671"}],"wp:attachment":[{"href":"https:\/\/suministroshoreb.com.mx\/index.php\/wp-json\/wp\/v2\/media?parent=669"}],"wp:term":[{"taxonomy":"product_cat","embeddable":true,"href":"https:\/\/suministroshoreb.com.mx\/index.php\/wp-json\/wp\/v2\/product_cat?post=669"},{"taxonomy":"product_tag","embeddable":true,"href":"https:\/\/suministroshoreb.com.mx\/index.php\/wp-json\/wp\/v2\/product_tag?post=669"}],"curies":[{"name":"wp","href":"https:\/\/api.w.org\/{rel}","templated":true}]}}