{"id":682,"date":"2022-10-18T17:00:46","date_gmt":"2022-10-18T17:00:46","guid":{"rendered":"https:\/\/suministroshoreb.com.mx\/?post_type=product&#038;p=682"},"modified":"2022-11-10T22:23:18","modified_gmt":"2022-11-10T22:23:18","slug":"ejercitadores","status":"publish","type":"product","link":"https:\/\/suministroshoreb.com.mx\/index.php\/producto\/ejercitadores\/","title":{"rendered":"EJERCITADORES"},"content":{"rendered":"<p>Los gimnasios exteriores propician el ejercicio al aire libre y son una opci\u00f3n inmejorable para que la poblaci\u00f3n realice actividades deportivas y de sano esparcimiento. Dentro de nuestras l\u00edneas de apartados para gimnasios exteriores contamos con productos especializados para que personas de todas las edades y capacidades se ejerciten al aire libre, todos cuentan con dise\u00f1os que son visualmente muy atractivos y a la vez funcionales.<\/p>\n","protected":false},"excerpt":{"rendered":"<p>Los gimnasios exteriores propician el ejercicio al aire libre y son una opci\u00f3n inmejorable para que la poblaci\u00f3n realice actividades deportivas y de sano esparcimiento. Dentro de nuestras l\u00edneas de apartados para gimnasios exteriores contamos con productos especializados para que personas de todas las edades y capacidades se ejerciten al aire libre, todos cuentan con &hellip; <\/p>\n<p class=\"link-more\"><a href=\"https:\/\/suministroshoreb.com.mx\/index.php\/producto\/ejercitadores\/\" class=\"more-link\">Leer m\u00e1s<span class=\"screen-reader-text\"> \u00abEJERCITADORES\u00bb<\/span><\/a><\/p>\n","protected":false},"featured_media":884,"comment_status":"open","ping_status":"closed","template":"","meta":{"om_disable_all_campaigns":false,"_monsterinsights_skip_tracking":false,"_monsterinsights_sitenote_active":false,"_monsterinsights_sitenote_note":"","_monsterinsights_sitenote_category":0},"product_cat":[18],"product_tag":[],"aioseo_notices":[],"featured_media_urls":{"thumbnail":["https:\/\/suministroshoreb.com.mx\/wp-content\/uploads\/2022\/10\/WhatsApp-Image-2022-10-18-at-09.30.09-1-150x150.jpg",150,150,true],"medium":["https:\/\/suministroshoreb.com.mx\/wp-content\/uploads\/2022\/10\/WhatsApp-Image-2022-10-18-at-09.30.09-1-300x300.jpg",300,300,true],"medium_large":["https:\/\/suministroshoreb.com.mx\/wp-content\/uploads\/2022\/10\/WhatsApp-Image-2022-10-18-at-09.30.09-1.jpg",720,720,false],"large":["https:\/\/suministroshoreb.com.mx\/wp-content\/uploads\/2022\/10\/WhatsApp-Image-2022-10-18-at-09.30.09-1.jpg",720,720,false],"1536x1536":["https:\/\/suministroshoreb.com.mx\/wp-content\/uploads\/2022\/10\/WhatsApp-Image-2022-10-18-at-09.30.09-1.jpg",720,720,false],"2048x2048":["https:\/\/suministroshoreb.com.mx\/wp-content\/uploads\/2022\/10\/WhatsApp-Image-2022-10-18-at-09.30.09-1.jpg",720,720,false],"inspiro-featured-image":["https:\/\/suministroshoreb.com.mx\/wp-content\/uploads\/2022\/10\/WhatsApp-Image-2022-10-18-at-09.30.09-1.jpg",720,720,false],"inspiro-loop":["https:\/\/suministroshoreb.com.mx\/wp-content\/uploads\/2022\/10\/WhatsApp-Image-2022-10-18-at-09.30.09-1-720x320.jpg",720,320,true],"inspiro-loop@2x":["https:\/\/suministroshoreb.com.mx\/wp-content\/uploads\/2022\/10\/WhatsApp-Image-2022-10-18-at-09.30.09-1-720x640.jpg",720,640,true],"mailpoet_newsletter_max":["https:\/\/suministroshoreb.com.mx\/wp-content\/uploads\/2022\/10\/WhatsApp-Image-2022-10-18-at-09.30.09-1.jpg",720,720,false],"woocommerce_thumbnail":["https:\/\/suministroshoreb.com.mx\/wp-content\/uploads\/2022\/10\/WhatsApp-Image-2022-10-18-at-09.30.09-1-300x300.jpg",300,300,true],"woocommerce_single":["https:\/\/suministroshoreb.com.mx\/wp-content\/uploads\/2022\/10\/WhatsApp-Image-2022-10-18-at-09.30.09-1-600x600.jpg",600,600,true],"woocommerce_gallery_thumbnail":["https:\/\/suministroshoreb.com.mx\/wp-content\/uploads\/2022\/10\/WhatsApp-Image-2022-10-18-at-09.30.09-1-100x100.jpg",100,100,true],"portfolio_item-thumbnail":["https:\/\/suministroshoreb.com.mx\/wp-content\/uploads\/2022\/10\/WhatsApp-Image-2022-10-18-at-09.30.09-1-600x400.jpg",600,400,true],"portfolio_item-masonry":["https:\/\/suministroshoreb.com.mx\/wp-content\/uploads\/2022\/10\/WhatsApp-Image-2022-10-18-at-09.30.09-1-600x600.jpg",600,600,true],"portfolio_item-thumbnail_cinema":["https:\/\/suministroshoreb.com.mx\/wp-content\/uploads\/2022\/10\/WhatsApp-Image-2022-10-18-at-09.30.09-1-720x335.jpg",720,335,true],"portfolio_item-thumbnail_portrait":["https:\/\/suministroshoreb.com.mx\/wp-content\/uploads\/2022\/10\/WhatsApp-Image-2022-10-18-at-09.30.09-1-600x720.jpg",600,720,true],"portfolio_item-thumbnail_square":["https:\/\/suministroshoreb.com.mx\/wp-content\/uploads\/2022\/10\/WhatsApp-Image-2022-10-18-at-09.30.09-1.jpg",720,720,false]},"_links":{"self":[{"href":"https:\/\/suministroshoreb.com.mx\/index.php\/wp-json\/wp\/v2\/product\/682"}],"collection":[{"href":"https:\/\/suministroshoreb.com.mx\/index.php\/wp-json\/wp\/v2\/product"}],"about":[{"href":"https:\/\/suministroshoreb.com.mx\/index.php\/wp-json\/wp\/v2\/types\/product"}],"replies":[{"embeddable":true,"href":"https:\/\/suministroshoreb.com.mx\/index.php\/wp-json\/wp\/v2\/comments?post=682"}],"wp:featuredmedia":[{"embeddable":true,"href":"https:\/\/suministroshoreb.com.mx\/index.php\/wp-json\/wp\/v2\/media\/884"}],"wp:attachment":[{"href":"https:\/\/suministroshoreb.com.mx\/index.php\/wp-json\/wp\/v2\/media?parent=682"}],"wp:term":[{"taxonomy":"product_cat","embeddable":true,"href":"https:\/\/suministroshoreb.com.mx\/index.php\/wp-json\/wp\/v2\/product_cat?post=682"},{"taxonomy":"product_tag","embeddable":true,"href":"https:\/\/suministroshoreb.com.mx\/index.php\/wp-json\/wp\/v2\/product_tag?post=682"}],"curies":[{"name":"wp","href":"https:\/\/api.w.org\/{rel}","templated":true}]}}