{"id":744,"date":"2022-10-20T20:38:07","date_gmt":"2022-10-20T20:38:07","guid":{"rendered":"https:\/\/suministroshoreb.com.mx\/?post_type=product&#038;p=744"},"modified":"2022-10-20T20:38:07","modified_gmt":"2022-10-20T20:38:07","slug":"porterias-para-futbol","status":"publish","type":"product","link":"https:\/\/suministroshoreb.com.mx\/index.php\/producto\/porterias-para-futbol\/","title":{"rendered":"PORTER\u00cdAS PARA F\u00daTBOL"},"content":{"rendered":"<p>Se utiliza\u00a0para marcar goles y determinar el ganador de un partido o torneo. Las porter\u00edas est\u00e1n formadas por dos postes laterales y un travesa\u00f1o en la parte superior que une los postes, m\u00e1s una estructura trasera variable para dar estabilidad, y con redes para delimitar que impiden que el bal\u00f3n las atraviese.<\/p>\n","protected":false},"excerpt":{"rendered":"<p>Se utiliza\u00a0para marcar goles y determinar el ganador de un partido o torneo. Las porter\u00edas est\u00e1n formadas por dos postes laterales y un travesa\u00f1o en la parte superior que une los postes, m\u00e1s una estructura trasera variable para dar estabilidad, y con redes para delimitar que impiden que el bal\u00f3n las atraviese.<\/p>\n","protected":false},"featured_media":745,"comment_status":"open","ping_status":"closed","template":"","meta":{"om_disable_all_campaigns":false,"_monsterinsights_skip_tracking":false,"_monsterinsights_sitenote_active":false,"_monsterinsights_sitenote_note":"","_monsterinsights_sitenote_category":0},"product_cat":[18],"product_tag":[],"aioseo_notices":[],"featured_media_urls":{"thumbnail":["https:\/\/suministroshoreb.com.mx\/wp-content\/uploads\/2022\/10\/IMG-20221020-WA0014-150x150.jpg",150,150,true],"medium":["https:\/\/suministroshoreb.com.mx\/wp-content\/uploads\/2022\/10\/IMG-20221020-WA0014-300x199.jpg",300,199,true],"medium_large":["https:\/\/suministroshoreb.com.mx\/wp-content\/uploads\/2022\/10\/IMG-20221020-WA0014.jpg",736,487,false],"large":["https:\/\/suministroshoreb.com.mx\/wp-content\/uploads\/2022\/10\/IMG-20221020-WA0014.jpg",736,487,false],"1536x1536":["https:\/\/suministroshoreb.com.mx\/wp-content\/uploads\/2022\/10\/IMG-20221020-WA0014.jpg",736,487,false],"2048x2048":["https:\/\/suministroshoreb.com.mx\/wp-content\/uploads\/2022\/10\/IMG-20221020-WA0014.jpg",736,487,false],"inspiro-featured-image":["https:\/\/suministroshoreb.com.mx\/wp-content\/uploads\/2022\/10\/IMG-20221020-WA0014.jpg",736,487,false],"inspiro-loop":["https:\/\/suministroshoreb.com.mx\/wp-content\/uploads\/2022\/10\/IMG-20221020-WA0014-736x320.jpg",736,320,true],"inspiro-loop@2x":["https:\/\/suministroshoreb.com.mx\/wp-content\/uploads\/2022\/10\/IMG-20221020-WA0014.jpg",736,487,false],"mailpoet_newsletter_max":["https:\/\/suministroshoreb.com.mx\/wp-content\/uploads\/2022\/10\/IMG-20221020-WA0014.jpg",736,487,false],"woocommerce_thumbnail":["https:\/\/suministroshoreb.com.mx\/wp-content\/uploads\/2022\/10\/IMG-20221020-WA0014-300x300.jpg",300,300,true],"woocommerce_single":["https:\/\/suministroshoreb.com.mx\/wp-content\/uploads\/2022\/10\/IMG-20221020-WA0014-600x397.jpg",600,397,true],"woocommerce_gallery_thumbnail":["https:\/\/suministroshoreb.com.mx\/wp-content\/uploads\/2022\/10\/IMG-20221020-WA0014-100x100.jpg",100,100,true],"portfolio_item-thumbnail":["https:\/\/suministroshoreb.com.mx\/wp-content\/uploads\/2022\/10\/IMG-20221020-WA0014-600x400.jpg",600,400,true],"portfolio_item-masonry":["https:\/\/suministroshoreb.com.mx\/wp-content\/uploads\/2022\/10\/IMG-20221020-WA0014-600x397.jpg",600,397,true],"portfolio_item-thumbnail_cinema":["https:\/\/suministroshoreb.com.mx\/wp-content\/uploads\/2022\/10\/IMG-20221020-WA0014-736x335.jpg",736,335,true],"portfolio_item-thumbnail_portrait":["https:\/\/suministroshoreb.com.mx\/wp-content\/uploads\/2022\/10\/IMG-20221020-WA0014-600x487.jpg",600,487,true],"portfolio_item-thumbnail_square":["https:\/\/suministroshoreb.com.mx\/wp-content\/uploads\/2022\/10\/IMG-20221020-WA0014.jpg",736,487,false]},"_links":{"self":[{"href":"https:\/\/suministroshoreb.com.mx\/index.php\/wp-json\/wp\/v2\/product\/744"}],"collection":[{"href":"https:\/\/suministroshoreb.com.mx\/index.php\/wp-json\/wp\/v2\/product"}],"about":[{"href":"https:\/\/suministroshoreb.com.mx\/index.php\/wp-json\/wp\/v2\/types\/product"}],"replies":[{"embeddable":true,"href":"https:\/\/suministroshoreb.com.mx\/index.php\/wp-json\/wp\/v2\/comments?post=744"}],"wp:featuredmedia":[{"embeddable":true,"href":"https:\/\/suministroshoreb.com.mx\/index.php\/wp-json\/wp\/v2\/media\/745"}],"wp:attachment":[{"href":"https:\/\/suministroshoreb.com.mx\/index.php\/wp-json\/wp\/v2\/media?parent=744"}],"wp:term":[{"taxonomy":"product_cat","embeddable":true,"href":"https:\/\/suministroshoreb.com.mx\/index.php\/wp-json\/wp\/v2\/product_cat?post=744"},{"taxonomy":"product_tag","embeddable":true,"href":"https:\/\/suministroshoreb.com.mx\/index.php\/wp-json\/wp\/v2\/product_tag?post=744"}],"curies":[{"name":"wp","href":"https:\/\/api.w.org\/{rel}","templated":true}]}}