{"id":753,"date":"2022-10-20T20:58:16","date_gmt":"2022-10-20T20:58:16","guid":{"rendered":"https:\/\/suministroshoreb.com.mx\/?post_type=product&#038;p=753"},"modified":"2022-10-20T21:27:26","modified_gmt":"2022-10-20T21:27:26","slug":"moviliario-urbano","status":"publish","type":"product","link":"https:\/\/suministroshoreb.com.mx\/index.php\/producto\/moviliario-urbano\/","title":{"rendered":"MOBILIARIO URBANO"},"content":{"rendered":"<p>Los muebles urbanos\u00a0permiten a las personas disfrutar de una experiencia m\u00e1s c\u00f3moda al vivir sus calles, andadores, parques, jardines y dem\u00e1s \u00e1reas p\u00fablicas. Entonces el mobiliario urbano puede contribuir en buena medida al nivel de calidad de vida que ofrece una ciudad a sus habitantes.<\/p>\n","protected":false},"excerpt":{"rendered":"<p>Los muebles urbanos\u00a0permiten a las personas disfrutar de una experiencia m\u00e1s c\u00f3moda al vivir sus calles, andadores, parques, jardines y dem\u00e1s \u00e1reas p\u00fablicas. Entonces el mobiliario urbano puede contribuir en buena medida al nivel de calidad de vida que ofrece una ciudad a sus habitantes.<\/p>\n","protected":false},"featured_media":754,"comment_status":"open","ping_status":"closed","template":"","meta":{"om_disable_all_campaigns":false,"_monsterinsights_skip_tracking":false,"_monsterinsights_sitenote_active":false,"_monsterinsights_sitenote_note":"","_monsterinsights_sitenote_category":0},"product_cat":[18],"product_tag":[],"aioseo_notices":[],"featured_media_urls":{"thumbnail":["https:\/\/suministroshoreb.com.mx\/wp-content\/uploads\/2022\/10\/IMG-20221020-WA0015-150x150.jpg",150,150,true],"medium":["https:\/\/suministroshoreb.com.mx\/wp-content\/uploads\/2022\/10\/IMG-20221020-WA0015-300x300.jpg",300,300,true],"medium_large":["https:\/\/suministroshoreb.com.mx\/wp-content\/uploads\/2022\/10\/IMG-20221020-WA0015.jpg",736,736,false],"large":["https:\/\/suministroshoreb.com.mx\/wp-content\/uploads\/2022\/10\/IMG-20221020-WA0015.jpg",736,736,false],"1536x1536":["https:\/\/suministroshoreb.com.mx\/wp-content\/uploads\/2022\/10\/IMG-20221020-WA0015.jpg",736,736,false],"2048x2048":["https:\/\/suministroshoreb.com.mx\/wp-content\/uploads\/2022\/10\/IMG-20221020-WA0015.jpg",736,736,false],"inspiro-featured-image":["https:\/\/suministroshoreb.com.mx\/wp-content\/uploads\/2022\/10\/IMG-20221020-WA0015.jpg",736,736,false],"inspiro-loop":["https:\/\/suministroshoreb.com.mx\/wp-content\/uploads\/2022\/10\/IMG-20221020-WA0015-736x320.jpg",736,320,true],"inspiro-loop@2x":["https:\/\/suministroshoreb.com.mx\/wp-content\/uploads\/2022\/10\/IMG-20221020-WA0015-736x640.jpg",736,640,true],"mailpoet_newsletter_max":["https:\/\/suministroshoreb.com.mx\/wp-content\/uploads\/2022\/10\/IMG-20221020-WA0015.jpg",736,736,false],"woocommerce_thumbnail":["https:\/\/suministroshoreb.com.mx\/wp-content\/uploads\/2022\/10\/IMG-20221020-WA0015-300x300.jpg",300,300,true],"woocommerce_single":["https:\/\/suministroshoreb.com.mx\/wp-content\/uploads\/2022\/10\/IMG-20221020-WA0015-600x600.jpg",600,600,true],"woocommerce_gallery_thumbnail":["https:\/\/suministroshoreb.com.mx\/wp-content\/uploads\/2022\/10\/IMG-20221020-WA0015-100x100.jpg",100,100,true],"portfolio_item-thumbnail":["https:\/\/suministroshoreb.com.mx\/wp-content\/uploads\/2022\/10\/IMG-20221020-WA0015-600x400.jpg",600,400,true],"portfolio_item-masonry":["https:\/\/suministroshoreb.com.mx\/wp-content\/uploads\/2022\/10\/IMG-20221020-WA0015-600x600.jpg",600,600,true],"portfolio_item-thumbnail_cinema":["https:\/\/suministroshoreb.com.mx\/wp-content\/uploads\/2022\/10\/IMG-20221020-WA0015-736x335.jpg",736,335,true],"portfolio_item-thumbnail_portrait":["https:\/\/suministroshoreb.com.mx\/wp-content\/uploads\/2022\/10\/IMG-20221020-WA0015-600x736.jpg",600,736,true],"portfolio_item-thumbnail_square":["https:\/\/suministroshoreb.com.mx\/wp-content\/uploads\/2022\/10\/IMG-20221020-WA0015.jpg",736,736,false]},"_links":{"self":[{"href":"https:\/\/suministroshoreb.com.mx\/index.php\/wp-json\/wp\/v2\/product\/753"}],"collection":[{"href":"https:\/\/suministroshoreb.com.mx\/index.php\/wp-json\/wp\/v2\/product"}],"about":[{"href":"https:\/\/suministroshoreb.com.mx\/index.php\/wp-json\/wp\/v2\/types\/product"}],"replies":[{"embeddable":true,"href":"https:\/\/suministroshoreb.com.mx\/index.php\/wp-json\/wp\/v2\/comments?post=753"}],"wp:featuredmedia":[{"embeddable":true,"href":"https:\/\/suministroshoreb.com.mx\/index.php\/wp-json\/wp\/v2\/media\/754"}],"wp:attachment":[{"href":"https:\/\/suministroshoreb.com.mx\/index.php\/wp-json\/wp\/v2\/media?parent=753"}],"wp:term":[{"taxonomy":"product_cat","embeddable":true,"href":"https:\/\/suministroshoreb.com.mx\/index.php\/wp-json\/wp\/v2\/product_cat?post=753"},{"taxonomy":"product_tag","embeddable":true,"href":"https:\/\/suministroshoreb.com.mx\/index.php\/wp-json\/wp\/v2\/product_tag?post=753"}],"curies":[{"name":"wp","href":"https:\/\/api.w.org\/{rel}","templated":true}]}}